{"id":15996,"date":"2020-04-24T16:48:07","date_gmt":"2020-04-24T19:48:07","guid":{"rendered":"https:\/\/nicholastinelli.com\/?page_id=15996"},"modified":"2025-09-15T12:11:01","modified_gmt":"2025-09-15T15:11:01","slug":"sobre-mi-nicholas-tinelli","status":"publish","type":"page","link":"https:\/\/nicholastinelli.com\/es\/sobre-mi-nicholas-tinelli\/","title":{"rendered":"Sobre Nicholas Tinelli"},"content":{"rendered":"\t\t<div data-elementor-type=\"wp-post\" data-elementor-id=\"15996\" class=\"elementor elementor-15996 elementor-15954\" data-elementor-post-type=\"page\">\n\t\t\t\t<div class=\"elementor-element elementor-element-a1a2386 e-flex e-con-boxed e-con e-parent\" data-id=\"a1a2386\" data-element_type=\"container\" data-e-type=\"container\">\n\t\t\t\t\t<div class=\"e-con-inner\">\n\t\t<div class=\"elementor-element elementor-element-70b6fc9 e-con-full e-flex e-con e-child\" data-id=\"70b6fc9\" data-element_type=\"container\" data-e-type=\"container\">\n\t\t<div class=\"elementor-element elementor-element-fb2f0a5 e-con-full e-flex e-con e-child\" data-id=\"fb2f0a5\" data-element_type=\"container\" data-e-type=\"container\">\n\t\t<div class=\"elementor-element elementor-element-54b709b e-con-full e-flex e-con e-child\" data-id=\"54b709b\" data-element_type=\"container\" data-e-type=\"container\">\n\t\t\t\t<div class=\"elementor-element elementor-element-1465657 elementor-widget elementor-widget-image\" data-id=\"1465657\" data-element_type=\"widget\" data-e-type=\"widget\" data-widget_type=\"image.default\">\n\t\t\t\t<div class=\"elementor-widget-container\">\n\t\t\t\t\t\t\t\t\t\t\t\t\t\t\t<img fetchpriority=\"high\" decoding=\"async\" width=\"1024\" height=\"576\" src=\"https:\/\/nicholastinelli.com\/wp-content\/uploads\/2020\/06\/about-nicholas-tinelli.jpg\" class=\"attachment-full size-full wp-image-20290\" alt=\"about nicholas tinelli\" srcset=\"https:\/\/nicholastinelli.com\/wp-content\/uploads\/2020\/06\/about-nicholas-tinelli.jpg 1024w, https:\/\/nicholastinelli.com\/wp-content\/uploads\/2020\/06\/about-nicholas-tinelli-800x450.jpg 800w, https:\/\/nicholastinelli.com\/wp-content\/uploads\/2020\/06\/about-nicholas-tinelli-768x432.jpg 768w\" sizes=\"(max-width: 1024px) 100vw, 1024px\" \/>\t\t\t\t\t\t\t\t\t\t\t\t\t\t\t<\/div>\n\t\t\t\t<\/div>\n\t\t\t\t<\/div>\n\t\t\t\t<\/div>\n\t\t\t\t<div class=\"elementor-element elementor-element-b903eb7 elementor-widget elementor-widget-heading\" data-id=\"b903eb7\" data-element_type=\"widget\" data-e-type=\"widget\" data-widget_type=\"heading.default\">\n\t\t\t\t<div class=\"elementor-widget-container\">\n\t\t\t\t\t<h1 class=\"elementor-heading-title elementor-size-default\">Soy Nicholas - <b>Fot\u00f3grafo en Buenos Aires (Argentina)<\/b>, especializado en fotograf\u00eda de viajes, retratos, arquitectura, a\u00e9rea, paisaje y comercial.<\/h1>\t\t\t\t<\/div>\n\t\t\t\t<\/div>\n\t\t\t\t<div class=\"elementor-element elementor-element-b9364c2 elementor-widget elementor-widget-text-editor\" data-id=\"b9364c2\" data-element_type=\"widget\" data-e-type=\"widget\" data-widget_type=\"text-editor.default\">\n\t\t\t\t<div class=\"elementor-widget-container\">\n\t\t\t\t\t\t\t\t\t<p>Para m\u00ed, la fotograf\u00eda es algo m\u00e1s que una profesi\u00f3n: es una pasi\u00f3n de toda la vida que me ha llevado a un incre\u00edble <strong>viaje de autodescubrimiento<\/strong>. Es una forma de ver el mundo, una herramienta que afina mi percepci\u00f3n y me permite capturar momentos fugaces que de otro modo pasar\u00edan desapercibidos. A trav\u00e9s de mi objetivo, he aprendido a observar el mundo con m\u00e1s profundidad, y a apreciar no s\u00f3lo los grandes paisajes y los lugares emblem\u00e1ticos, sino tambi\u00e9n los detalles sutiles y cotidianos que <strong>cuentan grandes historias<\/strong>.<\/p><p><span style=\"text-decoration: underline;\">La fotograf\u00eda me ha ense\u00f1ado a tener paciencia<\/span>, a esperar la luz perfecta, la expresi\u00f3n adecuada o la composici\u00f3n ideal. Me ha hecho estar m\u00e1s atento a lo que me rodea, buscando siempre la belleza en lugares inesperados. Ya se trate del resplandor dorado del amanecer sobre una hist\u00f3rica calle de Buenos Aires, de los intrincados detalles de una fachada centenaria o de la pura emoci\u00f3n de un retrato, cada fotograf\u00eda se convierte en un testimonio de mi forma de ver e interpretar el mundo.<\/p><p>M\u00e1s all\u00e1 de sus elementos art\u00edsticos, la fotograf\u00eda ha sido mi puente hacia diferentes culturas, comunidades y personas incre\u00edbles. En cada viaje, en cada taller y en cada sesi\u00f3n fotogr\u00e1fica, he tenido el privilegio de conocer a personas de todo tipo &#8211;<strong>compa\u00f1eros fot\u00f3grafos, viajeros, lugare\u00f1os y artistas<\/strong>&#8211; que comparten mi pasi\u00f3n por contar historias a trav\u00e9s de las im\u00e1genes.<\/p><p>Cada encuentro enriquece mi viaje, reforzando mi convicci\u00f3n de que la fotograf\u00eda no consiste s\u00f3lo en capturar lo que tenemos delante, sino tambi\u00e9n en establecer conexiones y comprender el mundo de una forma m\u00e1s profunda y significativa.<\/p>\t\t\t\t\t\t\t\t<\/div>\n\t\t\t\t<\/div>\n\t\t\t\t<div class=\"elementor-element elementor-element-57e64aa animated-slow elementor-widget elementor-widget-heading\" data-id=\"57e64aa\" data-element_type=\"widget\" data-e-type=\"widget\" data-settings=\"{&quot;_animation_mobile&quot;:&quot;none&quot;,&quot;_animation&quot;:&quot;none&quot;,&quot;_animation_delay&quot;:500}\" data-widget_type=\"heading.default\">\n\t\t\t\t<div class=\"elementor-widget-container\">\n\t\t\t\t\t<h2 class=\"elementor-heading-title elementor-size-default\">\u00bfQu\u00e9 hago como fot\u00f3grafo profesional?<\/h2>\t\t\t\t<\/div>\n\t\t\t\t<\/div>\n\t\t\t\t<div class=\"elementor-element elementor-element-b60718b elementor-widget elementor-widget-spacer\" data-id=\"b60718b\" data-element_type=\"widget\" data-e-type=\"widget\" data-widget_type=\"spacer.default\">\n\t\t\t\t<div class=\"elementor-widget-container\">\n\t\t\t\t\t\t\t<div class=\"elementor-spacer\">\n\t\t\t<div class=\"elementor-spacer-inner\"><\/div>\n\t\t<\/div>\n\t\t\t\t\t\t<\/div>\n\t\t\t\t<\/div>\n\t\t\t\t<div class=\"elementor-element elementor-element-1ce1044 animated-slow elementor-widget elementor-widget-heading\" data-id=\"1ce1044\" data-element_type=\"widget\" data-e-type=\"widget\" data-settings=\"{&quot;_animation_mobile&quot;:&quot;none&quot;,&quot;_animation&quot;:&quot;none&quot;,&quot;_animation_delay&quot;:500}\" data-widget_type=\"heading.default\">\n\t\t\t\t<div class=\"elementor-widget-container\">\n\t\t\t\t\t<h2 class=\"elementor-heading-title elementor-size-default\">Como fot\u00f3grafo en Buenos Aires<\/h2>\t\t\t\t<\/div>\n\t\t\t\t<\/div>\n\t\t\t\t<div class=\"elementor-element elementor-element-bb15224 elementor-widget elementor-widget-text-editor\" data-id=\"bb15224\" data-element_type=\"widget\" data-e-type=\"widget\" data-widget_type=\"text-editor.default\">\n\t\t\t\t<div class=\"elementor-widget-container\">\n\t\t\t\t\t\t\t\t\t<p>Ofrezco <strong>tours fotogr\u00e1ficos<\/strong> y <strong>sesiones de retratos<\/strong> en Buenos Aires, adaptados a viajeros y entusiastas de la fotograf\u00eda.<\/p><p>Mis <a href=\"https:\/\/nicholastinelli.com\/es\/servicios\/tours-fotograficos-en-buenos-aires\/\">tours fotogr\u00e1ficos<\/a> brindan una oportunidad \u00fanica para explorar la ciudad a trav\u00e9s de los ojos de un profesional local, capturando su esencia a trav\u00e9s de impresionantes im\u00e1genes. Por su parte, mis <a href=\"https:\/\/nicholastinelli.com\/es\/servicios\/tours-fotograficos-en-buenos-aires\/\">sesiones fotogr\u00e1ficas de retratos<\/a> ofrecen recuerdos duraderos y de alta calidad de su visita a la capital argentina. Perfecto para individuos, parejas, familias, propuestas de compromiso, celebraciones especiales, e incluso la marca personal, mis servicios garantizan una experiencia fotogr\u00e1fica personalizada y completa.<\/p><p>A lo largo de los a\u00f1os, he investigado y explorado meticulosamente los mejores lugares para fotografiar en la ciudad, desde su impresionante arquitectura y sus vibrantes calles hasta su gente y sus paisajes urbanos. Este amplio conocimiento me permite crear <strong>experiencias exclusivas<\/strong> y a medida para mis clientes.<\/p>\t\t\t\t\t\t\t\t<\/div>\n\t\t\t\t<\/div>\n\t\t\t\t<div class=\"elementor-element elementor-element-bdf615f animated-slow elementor-widget elementor-widget-heading\" data-id=\"bdf615f\" data-element_type=\"widget\" data-e-type=\"widget\" data-settings=\"{&quot;_animation_mobile&quot;:&quot;none&quot;,&quot;_animation&quot;:&quot;none&quot;,&quot;_animation_delay&quot;:500}\" data-widget_type=\"heading.default\">\n\t\t\t\t<div class=\"elementor-widget-container\">\n\t\t\t\t\t<h2 class=\"elementor-heading-title elementor-size-default\">M\u00e1s all\u00e1 de Buenos Aires: fotograf\u00eda por Argentina<\/h2>\t\t\t\t<\/div>\n\t\t\t\t<\/div>\n\t\t\t\t<div class=\"elementor-element elementor-element-cc1367a elementor-widget elementor-widget-text-editor\" data-id=\"cc1367a\" data-element_type=\"widget\" data-e-type=\"widget\" data-widget_type=\"text-editor.default\">\n\t\t\t\t<div class=\"elementor-widget-container\">\n\t\t\t\t\t\t\t\t\t<p>Como fundador de <a href=\"https:\/\/www.argentinaphotoworkshops.com\/es\" target=\"_blank\" rel=\"noopener\"><strong>Argentina Photo Workshops<\/strong><\/a>, coordino un equipo de fot\u00f3grafos profesionales locales dedicados a ofrecer aut\u00e9nticos workshops de fotograf\u00eda de viajes por toda Argentina. Organizamos itinerarios fotogr\u00e1ficos personalizados para grupos privados que cubren los diversos paisajes de Argentina, desde las dram\u00e1ticas monta\u00f1as de la Patagonia hasta el rico patrimonio cultural del norte.<\/p><p>Argentina es un para\u00edso para los fot\u00f3grafos, ofreciendo un sinf\u00edn de oportunidades en <strong>paisaje, cultura, retrato \u00e9tnico, vida silvestre y fotograf\u00eda documental<\/strong>. Tanto si eres un aficionado como un fot\u00f3grafo experimentado, nuestros workshops est\u00e1n dise\u00f1ados para mejorar tus habilidades y llevarte a lugares extraordinarios.<\/p><p>Tambi\u00e9n soy codirector de <strong><a href=\"https:\/\/buenosairesimage.solutions\/es\/\" target=\"_blank\" rel=\"noopener\">Buenos Aires Image Solutions<\/a><\/strong>, una agencia de fotograf\u00eda compuesta por fot\u00f3grafos profesionales, vide\u00f3grafos, editores y operadores certificados de drones. Proveemos contenido visual de alta calidad para una amplia gama de proyectos e industrias.<\/p>\t\t\t\t\t\t\t\t<\/div>\n\t\t\t\t<\/div>\n\t\t\t\t<div class=\"elementor-element elementor-element-7794501 animated-slow elementor-widget elementor-widget-heading\" data-id=\"7794501\" data-element_type=\"widget\" data-e-type=\"widget\" data-settings=\"{&quot;_animation_mobile&quot;:&quot;none&quot;,&quot;_animation&quot;:&quot;none&quot;,&quot;_animation_delay&quot;:500}\" data-widget_type=\"heading.default\">\n\t\t\t\t<div class=\"elementor-widget-container\">\n\t\t\t\t\t<h2 class=\"elementor-heading-title elementor-size-default\">Fotograf\u00eda a escala global<\/h2>\t\t\t\t<\/div>\n\t\t\t\t<\/div>\n\t\t\t\t<div class=\"elementor-element elementor-element-fac6db9 elementor-widget elementor-widget-text-editor\" data-id=\"fac6db9\" data-element_type=\"widget\" data-e-type=\"widget\" data-widget_type=\"text-editor.default\">\n\t\t\t\t<div class=\"elementor-widget-container\">\n\t\t\t\t\t\t\t\t\t<p>M\u00e1s all\u00e1 de Argentina, colaboro con marcas, organizaciones tur\u00edsticas, empresas e instituciones, ayud\u00e1ndolas a elevar su identidad visual y a captar audiencias a trav\u00e9s de mi servicio de <strong><a href=\"https:\/\/nicholastinelli.com\/fotografia-comercial\">fotograf\u00eda editorial y comercial<\/a>, <\/strong>que incluye la <a href=\"https:\/\/nicholastinelli.com\/es\/fotografia-aerea-argentina\/\"><strong>fotograf\u00eda a\u00e9rea<\/strong><\/a>.<\/p><p>Adem\u00e1s, ofrezco contenido exclusivo de fotograf\u00eda de viajes a trav\u00e9s de <strong><a href=\"https:\/\/www.awl-images.com\/contributor\/1684\/nicholas-tinelli.html\" target=\"_blank\" rel=\"noopener\">AWL Images<\/a><\/strong>, una agencia l\u00edder mundial especializada en im\u00e1genes de viajes de primera calidad para revistas, gu\u00edas de viaje y calendarios.<\/p><p>Mi trabajo tambi\u00e9n aparece en el <strong><a href=\"https:\/\/www.atlasofhumanity.com\/\" target=\"_blank\" rel=\"nofollow noopener\">Atlas of Humanity Project<\/a><\/strong>, una iniciativa dedicada a crear una rica colecci\u00f3n fotogr\u00e1fica cultural y antropol\u00f3gica que celebra la belleza y la diversidad de los grupos \u00e9tnicos de todo el mundo.<\/p><p>Ofrezco ense\u00f1anza a medida a trav\u00e9s de <strong><a href=\"https:\/\/nicholastinelli.com\/es\/cursos-de-fotografia\/\">Captura el Mundo<\/a><\/strong>, un programa especial de aprendizaje en l\u00ednea 1 a 1 dedicado a la fotograf\u00eda de viajes. Tras una revisi\u00f3n del portafolio y una entrevista inicial, preparo una serie de lecciones adaptadas a tus necesidades. No importa la distancia, 100% online, desde la comodidad de tu casa, en los d\u00edas y horarios que mejor se adapten a tus necesidades.<\/p>\t\t\t\t\t\t\t\t<\/div>\n\t\t\t\t<\/div>\n\t\t\t\t<div class=\"elementor-element elementor-element-cc2eca4 animated-slow elementor-widget elementor-widget-heading\" data-id=\"cc2eca4\" data-element_type=\"widget\" data-e-type=\"widget\" data-settings=\"{&quot;_animation_mobile&quot;:&quot;none&quot;,&quot;_animation&quot;:&quot;none&quot;,&quot;_animation_delay&quot;:500}\" data-widget_type=\"heading.default\">\n\t\t\t\t<div class=\"elementor-widget-container\">\n\t\t\t\t\t<h2 class=\"elementor-heading-title elementor-size-default\">El verdadero valor de la fotograf\u00eda en la era de la IA<\/h2>\t\t\t\t<\/div>\n\t\t\t\t<\/div>\n\t\t\t\t<div class=\"elementor-element elementor-element-d22164c elementor-widget elementor-widget-text-editor\" data-id=\"d22164c\" data-element_type=\"widget\" data-e-type=\"widget\" data-widget_type=\"text-editor.default\">\n\t\t\t\t<div class=\"elementor-widget-container\">\n\t\t\t\t\t\t\t\t\t<p data-start=\"105\" data-end=\"410\">El verdadero plus de la fotograf\u00eda en la era de la IA reside en el <a href=\"https:\/\/nicholastinelli.com\/es\/fotografo-inteligencia-artificial\/\"><strong data-start=\"173\" data-end=\"192\">Valor Humano<\/strong><\/a>, algo que <span style=\"text-decoration: underline;\">ninguna tecnolog\u00eda puede replicar<\/span>. La IA puede generar una imagen t\u00e9cnicamente perfecta, con una composici\u00f3n impecable y una iluminaci\u00f3n ideal, pero es incapaz de capturar la <strong>emoci\u00f3n genuina de un momento<\/strong>.<\/p><p data-start=\"412\" data-end=\"755\">El <strong>trabajo del fot\u00f3grafo<\/strong> se centra precisamente en esta esencia y no consiste simplemente en documentar un evento, sino en contar una historia \u00fanica y aportar profundidad y significado. El valor no est\u00e1 \u00fanicamente en la imagen final, sino, sobre todo, en el proceso, la <span style=\"text-decoration: underline;\">conexi\u00f3n y la autenticidad<\/span> que surgen durante una sesi\u00f3n o un proyecto.<\/p>\t\t\t\t\t\t\t\t<\/div>\n\t\t\t\t<\/div>\n\t\t\t\t<div class=\"elementor-element elementor-element-aecfec5 animated-slow elementor-widget elementor-widget-heading\" data-id=\"aecfec5\" data-element_type=\"widget\" data-e-type=\"widget\" data-settings=\"{&quot;_animation_mobile&quot;:&quot;none&quot;,&quot;_animation&quot;:&quot;none&quot;,&quot;_animation_delay&quot;:500}\" data-widget_type=\"heading.default\">\n\t\t\t\t<div class=\"elementor-widget-container\">\n\t\t\t\t\t<h2 class=\"elementor-heading-title elementor-size-default\">El elemento humano en la fotograf\u00eda: puntos clave<\/h2>\t\t\t\t<\/div>\n\t\t\t\t<\/div>\n\t\t\t\t<div class=\"elementor-element elementor-element-6e09759 elementor-widget elementor-widget-text-editor\" data-id=\"6e09759\" data-element_type=\"widget\" data-e-type=\"widget\" data-widget_type=\"text-editor.default\">\n\t\t\t\t<div class=\"elementor-widget-container\">\n\t\t\t\t\t\t\t\t\t<p data-start=\"43\" data-end=\"127\">M\u00e1s all\u00e1 de la t\u00e9cnica, el <strong>valor de un fot\u00f3grafo profesional<\/strong> se manifiesta en:<\/p><p data-start=\"129\" data-end=\"380\"><strong data-start=\"129\" data-end=\"154\">Conexi\u00f3n y confianza:<\/strong> Un fot\u00f3grafo crea un ambiente en el que las personas se sienten c\u00f3modas para ser ellas mismas. Ese <strong>toque humano<\/strong> \u2014tranquilizar o inspirar a un sujeto para que muestre su verdadera esencia\u2014 es algo que la IA no puede ofrecer.<\/p><p data-start=\"382\" data-end=\"666\"><strong data-start=\"382\" data-end=\"405\">Visi\u00f3n y narrativa:<\/strong> Un fot\u00f3grafo tiene una mirada \u00fanica para descubrir y enmarcar la historia dentro de un momento. Su trabajo va m\u00e1s all\u00e1 de apretar el obturador; busca un <strong>significado m\u00e1s profundo<\/strong>. Esto aplica tanto a retratos como a eventos, fotograf\u00eda de viaje o documental.<\/p><p data-start=\"668\" data-end=\"1075\"><strong data-start=\"668\" data-end=\"692\">Emoci\u00f3n irrepetible:<\/strong> Las fotograf\u00edas m\u00e1s poderosas capturan una risa espont\u00e1nea, una mirada c\u00f3mplice o una l\u00e1grima de felicidad. Son instantes fugaces que no se pueden repetir. El fot\u00f3grafo est\u00e1 ah\u00ed, presente y atento, listo para inmortalizar la vida real tal como sucede. Estas emociones, al igual que los retratos familiares, necesitan <strong>autenticidad y genuinidad<\/strong>, algo que la IA nunca podr\u00e1 replicar.<\/p><p data-start=\"1077\" data-end=\"1299\">En un mundo <strong>saturado de im\u00e1genes generadas por algoritmos<\/strong>, la fotograf\u00eda que nace de la interacci\u00f3n humana, la empat\u00eda y la pasi\u00f3n por contar una historia se vuelve no solo m\u00e1s valiosa, sino verdaderamente <strong>irremplazable<\/strong>.<\/p>\t\t\t\t\t\t\t\t<\/div>\n\t\t\t\t<\/div>\n\t\t\t\t<div class=\"elementor-element elementor-element-7d18b87 animated-slow elementor-widget elementor-widget-heading\" data-id=\"7d18b87\" data-element_type=\"widget\" data-e-type=\"widget\" data-settings=\"{&quot;_animation_mobile&quot;:&quot;none&quot;,&quot;_animation&quot;:&quot;none&quot;,&quot;_animation_delay&quot;:500}\" data-widget_type=\"heading.default\">\n\t\t\t\t<div class=\"elementor-widget-container\">\n\t\t\t\t\t<h2 class=\"elementor-heading-title elementor-size-default\">Exposiciones<\/h2>\t\t\t\t<\/div>\n\t\t\t\t<\/div>\n\t\t\t\t<div class=\"elementor-element elementor-element-71e8f44 elementor-widget elementor-widget-text-editor\" data-id=\"71e8f44\" data-element_type=\"widget\" data-e-type=\"widget\" data-widget_type=\"text-editor.default\">\n\t\t\t\t<div class=\"elementor-widget-container\">\n\t\t\t\t\t\t\t\t\t<p>Hay algo realmente especial en ver fotograf\u00edas impresas, sobre todo en gran formato. Mi trabajo ha participado en varias exposiciones, en las que comparto mi pasi\u00f3n por la fotograf\u00eda con un p\u00fablico m\u00e1s amplio.<\/p><p>Mira mi <a href=\"https:\/\/nicholastinelli.com\/es\/fotografia-fine-art\/\" target=\"_blank\" rel=\"noopener\"><strong>serie fine art de edici\u00f3n limitada<\/strong><\/a> en blanco y negro.<\/p><p>Para conocer las fechas de las pr\u00f3ximas exposiciones, <strong>haz clic en la imagen de abajo<\/strong>.<\/p>\t\t\t\t\t\t\t\t<\/div>\n\t\t\t\t<\/div>\n\t\t\t\t<div class=\"elementor-element elementor-element-90db513 elementor-widget elementor-widget-image\" data-id=\"90db513\" data-element_type=\"widget\" data-e-type=\"widget\" data-widget_type=\"image.default\">\n\t\t\t\t<div class=\"elementor-widget-container\">\n\t\t\t\t\t\t\t\t\t\t\t\t\t\t\t\t<a href=\"https:\/\/nicholastinelli.com\/es\/exposiciones\" target=\"_blank\">\n\t\t\t\t\t\t\t<img decoding=\"async\" width=\"1185\" height=\"533\" src=\"https:\/\/nicholastinelli.com\/wp-content\/uploads\/2021\/07\/exhibits.jpg\" class=\"attachment-full size-full wp-image-28699\" alt=\"exhibits\" srcset=\"https:\/\/nicholastinelli.com\/wp-content\/uploads\/2021\/07\/exhibits.jpg 1185w, https:\/\/nicholastinelli.com\/wp-content\/uploads\/2021\/07\/exhibits-800x360.jpg 800w, https:\/\/nicholastinelli.com\/wp-content\/uploads\/2021\/07\/exhibits-768x345.jpg 768w\" sizes=\"(max-width: 1185px) 100vw, 1185px\" \/>\t\t\t\t\t\t\t\t<\/a>\n\t\t\t\t\t\t\t\t\t\t\t\t\t\t\t<\/div>\n\t\t\t\t<\/div>\n\t\t\t\t<div class=\"elementor-element elementor-element-80ac5ac elementor-widget elementor-widget-text-editor\" data-id=\"80ac5ac\" data-element_type=\"widget\" data-e-type=\"widget\" data-widget_type=\"text-editor.default\">\n\t\t\t\t<div class=\"elementor-widget-container\">\n\t\t\t\t\t\t\t\t\t<p>Ya sea que est\u00e9s buscando una <strong>experiencia fotogr\u00e1fica memorable en Buenos Aires<\/strong>, un <strong>workshop de fotograf\u00eda de viaje en Argentina<\/strong>, o <strong>contenido visual profesional para tu marca<\/strong>, estoy aqu\u00ed para ayudarte a capturar el mundo a trav\u00e9s de una perspectiva \u00fanica y art\u00edstica.<\/p><p>\u00a1Creemos algo inolvidable juntos!<\/p>\t\t\t\t\t\t\t\t<\/div>\n\t\t\t\t<\/div>\n\t\t\t\t<\/div>\n\t\t\t\t\t<\/div>\n\t\t\t\t<\/div>\n\t\t\t\t<\/div>\n\t\t","protected":false},"excerpt":{"rendered":"<p>Soy Nicholas &#8211; Fot\u00f3grafo en Buenos Aires (Argentina), especializado en fotograf\u00eda de viajes, retratos, arquitectura, a\u00e9rea, paisaje y comercial. Para m\u00ed, la fotograf\u00eda es algo m\u00e1s que una profesi\u00f3n: es una pasi\u00f3n de toda la vida que me ha llevado a un incre\u00edble viaje de autodescubrimiento. Es una forma de ver el mundo, una herramienta &#8230; <a title=\"Sobre Nicholas Tinelli\" class=\"read-more\" href=\"https:\/\/nicholastinelli.com\/es\/sobre-mi-nicholas-tinelli\/\" aria-label=\"Leer m\u00e1s sobre Sobre Nicholas Tinelli\">Leer m\u00e1s<\/a><\/p>\n","protected":false},"author":2,"featured_media":9440,"parent":0,"menu_order":0,"comment_status":"closed","ping_status":"closed","template":"","meta":{"_lmt_disableupdate":"no","_lmt_disable":"","footnotes":""},"class_list":["post-15996","page","type-page","status-publish","has-post-thumbnail"],"_links":{"self":[{"href":"https:\/\/nicholastinelli.com\/es\/wp-json\/wp\/v2\/pages\/15996","targetHints":{"allow":["GET"]}}],"collection":[{"href":"https:\/\/nicholastinelli.com\/es\/wp-json\/wp\/v2\/pages"}],"about":[{"href":"https:\/\/nicholastinelli.com\/es\/wp-json\/wp\/v2\/types\/page"}],"author":[{"embeddable":true,"href":"https:\/\/nicholastinelli.com\/es\/wp-json\/wp\/v2\/users\/2"}],"replies":[{"embeddable":true,"href":"https:\/\/nicholastinelli.com\/es\/wp-json\/wp\/v2\/comments?post=15996"}],"version-history":[{"count":0,"href":"https:\/\/nicholastinelli.com\/es\/wp-json\/wp\/v2\/pages\/15996\/revisions"}],"wp:featuredmedia":[{"embeddable":true,"href":"https:\/\/nicholastinelli.com\/es\/wp-json\/wp\/v2\/media\/9440"}],"wp:attachment":[{"href":"https:\/\/nicholastinelli.com\/es\/wp-json\/wp\/v2\/media?parent=15996"}],"curies":[{"name":"wp","href":"https:\/\/api.w.org\/{rel}","templated":true}]}}