{"id":18902,"date":"2020-05-07T21:06:38","date_gmt":"2020-05-08T00:06:38","guid":{"rendered":"https:\/\/nicholastinelli.com\/?page_id=18902"},"modified":"2025-02-27T12:40:59","modified_gmt":"2025-02-27T15:40:59","slug":"terminos-condiciones-tours","status":"publish","type":"page","link":"https:\/\/nicholastinelli.com\/es\/terminos-condiciones-tours\/","title":{"rendered":"T\u00e9rminos &#038; condiciones | Workshops en BA"},"content":{"rendered":"\t\t<div data-elementor-type=\"wp-post\" data-elementor-id=\"18902\" class=\"elementor elementor-18902 elementor-18892\" data-elementor-post-type=\"page\">\n\t\t\t\t<div class=\"elementor-element elementor-element-e81ec7e e-flex e-con-boxed e-con e-parent\" data-id=\"e81ec7e\" data-element_type=\"container\" data-e-type=\"container\">\n\t\t\t\t\t<div class=\"e-con-inner\">\n\t\t<div class=\"elementor-element elementor-element-a8811fc e-con-full e-flex e-con e-child\" data-id=\"a8811fc\" data-element_type=\"container\" data-e-type=\"container\">\n\t\t\t\t<\/div>\n\t\t<div class=\"elementor-element elementor-element-e8773f5 e-con-full e-flex e-con e-child\" data-id=\"e8773f5\" data-element_type=\"container\" data-e-type=\"container\">\n\t\t\t\t<div class=\"elementor-element elementor-element-e5da614 elementor-widget elementor-widget-heading\" data-id=\"e5da614\" data-element_type=\"widget\" data-e-type=\"widget\" data-widget_type=\"heading.default\">\n\t\t\t\t<div class=\"elementor-widget-container\">\n\t\t\t\t\t<h2 class=\"elementor-heading-title elementor-size-default\">Workshops &amp; Photo Tours en BA<\/h2>\t\t\t\t<\/div>\n\t\t\t\t<\/div>\n\t\t\t\t<div class=\"elementor-element elementor-element-a8f50f4 elementor-widget elementor-widget-heading\" data-id=\"a8f50f4\" data-element_type=\"widget\" data-e-type=\"widget\" data-widget_type=\"heading.default\">\n\t\t\t\t<div class=\"elementor-widget-container\">\n\t\t\t\t\t<h1 class=\"elementor-heading-title elementor-size-default\">T\u00e9rminos y condiciones \/ Pol\u00edtica de cancelaci\u00f3n<\/h1>\t\t\t\t<\/div>\n\t\t\t\t<\/div>\n\t\t\t\t<div class=\"elementor-element elementor-element-5fc8702 elementor-widget elementor-widget-spacer\" data-id=\"5fc8702\" data-element_type=\"widget\" data-e-type=\"widget\" data-widget_type=\"spacer.default\">\n\t\t\t\t<div class=\"elementor-widget-container\">\n\t\t\t\t\t\t\t<div class=\"elementor-spacer\">\n\t\t\t<div class=\"elementor-spacer-inner\"><\/div>\n\t\t<\/div>\n\t\t\t\t\t\t<\/div>\n\t\t\t\t<\/div>\n\t\t\t\t<div class=\"elementor-element elementor-element-d49e9c4 elementor-widget elementor-widget-heading\" data-id=\"d49e9c4\" data-element_type=\"widget\" data-e-type=\"widget\" data-widget_type=\"heading.default\">\n\t\t\t\t<div class=\"elementor-widget-container\">\n\t\t\t\t\t<h3 class=\"elementor-heading-title elementor-size-default\">El fot\u00f3grafo:<\/h3>\t\t\t\t<\/div>\n\t\t\t\t<\/div>\n\t\t\t\t<div class=\"elementor-element elementor-element-32e7a57 elementor-widget elementor-widget-text-editor\" data-id=\"32e7a57\" data-element_type=\"widget\" data-e-type=\"widget\" data-widget_type=\"text-editor.default\">\n\t\t\t\t<div class=\"elementor-widget-container\">\n\t\t\t\t\t\t\t\t\t<p><span style=\"color: #363636;\">Nicholas Tinelli<\/span><\/p>\t\t\t\t\t\t\t\t<\/div>\n\t\t\t\t<\/div>\n\t\t\t\t<div class=\"elementor-element elementor-element-23032b8 elementor-widget elementor-widget-heading\" data-id=\"23032b8\" data-element_type=\"widget\" data-e-type=\"widget\" data-widget_type=\"heading.default\">\n\t\t\t\t<div class=\"elementor-widget-container\">\n\t\t\t\t\t<h3 class=\"elementor-heading-title elementor-size-default\">El cliente:<\/h3>\t\t\t\t<\/div>\n\t\t\t\t<\/div>\n\t\t\t\t<div class=\"elementor-element elementor-element-4ac9ceb elementor-widget elementor-widget-text-editor\" data-id=\"4ac9ceb\" data-element_type=\"widget\" data-e-type=\"widget\" data-widget_type=\"text-editor.default\">\n\t\t\t\t<div class=\"elementor-widget-container\">\n\t\t\t\t\t\t\t\t\t<p><span style=\"color: #363636;\">Cualquier persona, grupo de personas o empresa con la que el fot\u00f3grafo haga un acuerdo por la venta de bienes o prestaci\u00f3n de sus servicios. <\/span><\/p><p><span style=\"color: #363636;\">La compra de cualquier tour ofrecido por Nicholas Tinelli constituye un acuerdo contractual entre vos y el fot\u00f3grafo y representa tu aceptaci\u00f3n de los t\u00e9rminos y condiciones establecidos en este documento. <\/span><\/p><p><span style=\"color: #363636;\">Aseg\u00farate de haber le\u00eddo, comprendido y aceptado estos t\u00e9rminos y condiciones antes de hacer la reserva.<\/span><\/p>\t\t\t\t\t\t\t\t<\/div>\n\t\t\t\t<\/div>\n\t\t\t\t<div class=\"elementor-element elementor-element-944cf3f elementor-widget-divider--view-line elementor-widget elementor-widget-divider\" data-id=\"944cf3f\" data-element_type=\"widget\" data-e-type=\"widget\" data-widget_type=\"divider.default\">\n\t\t\t\t<div class=\"elementor-widget-container\">\n\t\t\t\t\t\t\t<div class=\"elementor-divider\">\n\t\t\t<span class=\"elementor-divider-separator\">\n\t\t\t\t\t\t<\/span>\n\t\t<\/div>\n\t\t\t\t\t\t<\/div>\n\t\t\t\t<\/div>\n\t\t\t\t<div class=\"elementor-element elementor-element-eb47ec6 elementor-widget elementor-widget-heading\" data-id=\"eb47ec6\" data-element_type=\"widget\" data-e-type=\"widget\" data-widget_type=\"heading.default\">\n\t\t\t\t<div class=\"elementor-widget-container\">\n\t\t\t\t\t<h3 class=\"elementor-heading-title elementor-size-default\">Reservas:<\/h3>\t\t\t\t<\/div>\n\t\t\t\t<\/div>\n\t\t\t\t<div class=\"elementor-element elementor-element-6fc50a2 elementor-widget elementor-widget-text-editor\" data-id=\"6fc50a2\" data-element_type=\"widget\" data-e-type=\"widget\" data-widget_type=\"text-editor.default\">\n\t\t\t\t<div class=\"elementor-widget-container\">\n\t\t\t\t\t\t\t\t\t<p><span style=\"color: #363636;\">Todas las comunicaciones para la reserva se llevar\u00e1n a cabo por correo electr\u00f3nico. Nicholas Tinelli no acepta ninguna responsabilidad por direcciones de correo electr\u00f3nico incorrectas proporcionadas por usted o por intentos fallidos de entrega de correo electr\u00f3nico. <\/span><\/p>\t\t\t\t\t\t\t\t<\/div>\n\t\t\t\t<\/div>\n\t\t\t\t<div class=\"elementor-element elementor-element-1e14953 elementor-widget elementor-widget-heading\" data-id=\"1e14953\" data-element_type=\"widget\" data-e-type=\"widget\" data-widget_type=\"heading.default\">\n\t\t\t\t<div class=\"elementor-widget-container\">\n\t\t\t\t\t<h3 class=\"elementor-heading-title elementor-size-default\">Pago y confirmaci\u00f3n:<\/h3>\t\t\t\t<\/div>\n\t\t\t\t<\/div>\n\t\t\t\t<div class=\"elementor-element elementor-element-364c908 elementor-widget elementor-widget-text-editor\" data-id=\"364c908\" data-element_type=\"widget\" data-e-type=\"widget\" data-widget_type=\"text-editor.default\">\n\t\t\t\t<div class=\"elementor-widget-container\">\n\t\t\t\t\t\t\t\t\t<p class=\"p1\"><span style=\"color: #363636;\">Los detalles del pago se indicar\u00e1n por correo electr\u00f3nico. <\/span><\/p><p class=\"p1\"><span style=\"color: #363636;\">Se requiere un dep\u00f3sito del 30% sobre el importe total a trav\u00e9s de PayPal, WeTravel o Mercado Libre (consultar para otros m\u00e9todos). <\/span><\/p><p class=\"p1\"><span style=\"color: #363636;\">Una vez recibido, su reserva ser\u00e1 confirmada. Si no se recibe el dep\u00f3sito con al menos 6 horas de anticipaci\u00f3n al evento, se cancelar\u00e1 su reserva. <\/span><\/p><p class=\"p1\"><span style=\"color: #363636;\">El resto del pago se puede hacer en efectivo el mismo d\u00eda del workshop. El pago de la tarifa indicar\u00e1 que ha le\u00eddo y aceptado estos t\u00e9rminos y condiciones.<\/span><\/p>\t\t\t\t\t\t\t\t<\/div>\n\t\t\t\t<\/div>\n\t\t\t\t<div class=\"elementor-element elementor-element-b474a33 elementor-widget elementor-widget-heading\" data-id=\"b474a33\" data-element_type=\"widget\" data-e-type=\"widget\" data-widget_type=\"heading.default\">\n\t\t\t\t<div class=\"elementor-widget-container\">\n\t\t\t\t\t<h3 class=\"elementor-heading-title elementor-size-default\">Cancelaci\u00f3n solicitada por el cliente:<\/h3>\t\t\t\t<\/div>\n\t\t\t\t<\/div>\n\t\t\t\t<div class=\"elementor-element elementor-element-d1f642a elementor-widget elementor-widget-text-editor\" data-id=\"d1f642a\" data-element_type=\"widget\" data-e-type=\"widget\" data-widget_type=\"text-editor.default\">\n\t\t\t\t<div class=\"elementor-widget-container\">\n\t\t\t\t\t\t\t\t\t<p>Las cancelaciones solicitadas por el cliente deber\u00e1n hacerse por correo electr\u00f3nico a Nicholas Tinelli.<\/p><p>Si el cliente desea cancelar hasta 90 d\u00edas antes de la fecha de inicio, se le devolver\u00e1 el dep\u00f3sito.<\/p><p>Si el cliente cancela con menos de 90 d\u00edas de antelaci\u00f3n a la fecha del tour fotogr\u00e1fico\/ workshop, no se devolver\u00e1 el pago, pero conservar\u00e9 el cr\u00e9dito para otra reserva (sin l\u00edmites de tiempo, no se vence).<\/p><p>Se puede transferir a otra persona.<\/p>\t\t\t\t\t\t\t\t<\/div>\n\t\t\t\t<\/div>\n\t\t\t\t<div class=\"elementor-element elementor-element-35dbcba elementor-widget elementor-widget-heading\" data-id=\"35dbcba\" data-element_type=\"widget\" data-e-type=\"widget\" data-widget_type=\"heading.default\">\n\t\t\t\t<div class=\"elementor-widget-container\">\n\t\t\t\t\t<h3 class=\"elementor-heading-title elementor-size-default\">Cancelaci\u00f3n por parte del fot\u00f3grafo:<\/h3>\t\t\t\t<\/div>\n\t\t\t\t<\/div>\n\t\t\t\t<div class=\"elementor-element elementor-element-1dda60e elementor-widget elementor-widget-text-editor\" data-id=\"1dda60e\" data-element_type=\"widget\" data-e-type=\"widget\" data-widget_type=\"text-editor.default\">\n\t\t\t\t<div class=\"elementor-widget-container\">\n\t\t\t\t\t\t\t\t\t<p class=\"p1\"><span style=\"color: #363636;\">En el caso de cualquier cancelaci\u00f3n hecha por el fot\u00f3grafo, por cualquier raz\u00f3n, las tarifas ser\u00e1n reembolsadas en su totalidad.<\/span><\/p>\t\t\t\t\t\t\t\t<\/div>\n\t\t\t\t<\/div>\n\t\t\t\t<div class=\"elementor-element elementor-element-9ff35ea elementor-widget elementor-widget-heading\" data-id=\"9ff35ea\" data-element_type=\"widget\" data-e-type=\"widget\" data-widget_type=\"heading.default\">\n\t\t\t\t<div class=\"elementor-widget-container\">\n\t\t\t\t\t<h3 class=\"elementor-heading-title elementor-size-default\">Estado f\u00edsico, alergias, accidentes y robos: <\/h3>\t\t\t\t<\/div>\n\t\t\t\t<\/div>\n\t\t\t\t<div class=\"elementor-element elementor-element-a3297ea elementor-widget elementor-widget-text-editor\" data-id=\"a3297ea\" data-element_type=\"widget\" data-e-type=\"widget\" data-widget_type=\"text-editor.default\">\n\t\t\t\t<div class=\"elementor-widget-container\">\n\t\t\t\t\t\t\t\t\t<p class=\"p1\"><span style=\"color: #363636;\">Todos los tours requieren caminar y se realizan bajo la responsabilidad del participante. <\/span><\/p><p class=\"p1\"><span style=\"color: #363636;\">Cualquier condici\u00f3n m\u00e9dica, medicamento que se tome y\/o alergias que puedan afectar su salud o participaci\u00f3n debe ser notificado por escrito antes de la fecha de la actividad.<\/span><\/p><p class=\"p1\"><span style=\"color: #363636;\"> Nicholas Tinelli no acepta ninguna responsabilidad u obligaci\u00f3n en caso de enfermedad, lesi\u00f3n, muerte, p\u00e9rdida o da\u00f1o a la propiedad personal.<\/span><\/p>\t\t\t\t\t\t\t\t<\/div>\n\t\t\t\t<\/div>\n\t\t\t\t<div class=\"elementor-element elementor-element-bb6d490 elementor-widget elementor-widget-heading\" data-id=\"bb6d490\" data-element_type=\"widget\" data-e-type=\"widget\" data-widget_type=\"heading.default\">\n\t\t\t\t<div class=\"elementor-widget-container\">\n\t\t\t\t\t<h3 class=\"elementor-heading-title elementor-size-default\">Condiciones de uso de las im\u00e1genes: <\/h3>\t\t\t\t<\/div>\n\t\t\t\t<\/div>\n\t\t\t\t<div class=\"elementor-element elementor-element-83718b3 elementor-widget elementor-widget-text-editor\" data-id=\"83718b3\" data-element_type=\"widget\" data-e-type=\"widget\" data-widget_type=\"text-editor.default\">\n\t\t\t\t<div class=\"elementor-widget-container\">\n\t\t\t\t\t\t\t\t\t<p class=\"p1\"><span style=\"color: #363636;\">Nicholas Tinelli se reserva el derecho de fotografiar cualquier evento y participante, as\u00ed como de utilizar cualquiera de dichas im\u00e1genes para fines promocionales sin m\u00e1s recurso o compensaci\u00f3n a menos que el cliente desee no ser fotografiado.<\/span><\/p>\t\t\t\t\t\t\t\t<\/div>\n\t\t\t\t<\/div>\n\t\t\t\t<div class=\"elementor-element elementor-element-9e392d4 elementor-widget elementor-widget-heading\" data-id=\"9e392d4\" data-element_type=\"widget\" data-e-type=\"widget\" data-widget_type=\"heading.default\">\n\t\t\t\t<div class=\"elementor-widget-container\">\n\t\t\t\t\t<h3 class=\"elementor-heading-title elementor-size-default\">Sitio web:<\/h3>\t\t\t\t<\/div>\n\t\t\t\t<\/div>\n\t\t\t\t<div class=\"elementor-element elementor-element-6b0ff0e elementor-widget elementor-widget-text-editor\" data-id=\"6b0ff0e\" data-element_type=\"widget\" data-e-type=\"widget\" data-widget_type=\"text-editor.default\">\n\t\t\t\t<div class=\"elementor-widget-container\">\n\t\t\t\t\t\t\t\t\t<p class=\"p1\"><span style=\"color: #363636;\">Toda la informaci\u00f3n proporcionada en el sitio es correcta, seg\u00fan mi saber y entender. Nicholas Tinelli no asume ninguna responsabilidad por el malentendido o la mala interpretaci\u00f3n de cualquier dato publicado en este sitio.<\/span><\/p>\t\t\t\t\t\t\t\t<\/div>\n\t\t\t\t<\/div>\n\t\t\t\t<div class=\"elementor-element elementor-element-e6b73a2 elementor-widget elementor-widget-spacer\" data-id=\"e6b73a2\" data-element_type=\"widget\" data-e-type=\"widget\" data-widget_type=\"spacer.default\">\n\t\t\t\t<div class=\"elementor-widget-container\">\n\t\t\t\t\t\t\t<div class=\"elementor-spacer\">\n\t\t\t<div class=\"elementor-spacer-inner\"><\/div>\n\t\t<\/div>\n\t\t\t\t\t\t<\/div>\n\t\t\t\t<\/div>\n\t\t\t\t<\/div>\n\t\t<div class=\"elementor-element elementor-element-7da0e5e e-con-full e-flex e-con e-child\" data-id=\"7da0e5e\" data-element_type=\"container\" data-e-type=\"container\">\n\t\t\t\t<\/div>\n\t\t\t\t\t<\/div>\n\t\t\t\t<\/div>\n\t\t\t\t<\/div>\n\t\t","protected":false},"excerpt":{"rendered":"<p>Workshops &amp; Photo Tours en BA T\u00e9rminos y condiciones \/ Pol\u00edtica de cancelaci\u00f3n El fot\u00f3grafo: Nicholas Tinelli El cliente: Cualquier persona, grupo de personas o empresa con la que el fot\u00f3grafo haga un acuerdo por la venta de bienes o prestaci\u00f3n de sus servicios. La compra de cualquier tour ofrecido por Nicholas Tinelli constituye un &#8230; <a title=\"T\u00e9rminos &#038; condiciones | Workshops en BA\" class=\"read-more\" href=\"https:\/\/nicholastinelli.com\/es\/terminos-condiciones-tours\/\" aria-label=\"Leer m\u00e1s sobre T\u00e9rminos &#038; condiciones | Workshops en BA\">Leer m\u00e1s<\/a><\/p>\n","protected":false},"author":2,"featured_media":0,"parent":0,"menu_order":0,"comment_status":"closed","ping_status":"closed","template":"","meta":{"_lmt_disableupdate":"no","_lmt_disable":"","footnotes":""},"class_list":["post-18902","page","type-page","status-publish"],"_links":{"self":[{"href":"https:\/\/nicholastinelli.com\/es\/wp-json\/wp\/v2\/pages\/18902","targetHints":{"allow":["GET"]}}],"collection":[{"href":"https:\/\/nicholastinelli.com\/es\/wp-json\/wp\/v2\/pages"}],"about":[{"href":"https:\/\/nicholastinelli.com\/es\/wp-json\/wp\/v2\/types\/page"}],"author":[{"embeddable":true,"href":"https:\/\/nicholastinelli.com\/es\/wp-json\/wp\/v2\/users\/2"}],"replies":[{"embeddable":true,"href":"https:\/\/nicholastinelli.com\/es\/wp-json\/wp\/v2\/comments?post=18902"}],"version-history":[{"count":0,"href":"https:\/\/nicholastinelli.com\/es\/wp-json\/wp\/v2\/pages\/18902\/revisions"}],"wp:attachment":[{"href":"https:\/\/nicholastinelli.com\/es\/wp-json\/wp\/v2\/media?parent=18902"}],"curies":[{"name":"wp","href":"https:\/\/api.w.org\/{rel}","templated":true}]}}