{"id":18926,"date":"2020-05-08T10:10:25","date_gmt":"2020-05-08T13:10:25","guid":{"rendered":"https:\/\/nicholastinelli.com\/?page_id=18926"},"modified":"2025-02-28T11:05:53","modified_gmt":"2025-02-28T14:05:53","slug":"terminos-condiciones-sesiones","status":"publish","type":"page","link":"https:\/\/nicholastinelli.com\/es\/terminos-condiciones-sesiones\/","title":{"rendered":"T\u00e9rminos y condiciones | Sesiones de retrato"},"content":{"rendered":"\t\t<div data-elementor-type=\"wp-post\" data-elementor-id=\"18926\" class=\"elementor elementor-18926 elementor-18918\" data-elementor-post-type=\"page\">\n\t\t\t\t<div class=\"elementor-element elementor-element-a50cf91 e-flex e-con-boxed e-con e-parent\" data-id=\"a50cf91\" data-element_type=\"container\" data-e-type=\"container\">\n\t\t\t\t\t<div class=\"e-con-inner\">\n\t\t<div class=\"elementor-element elementor-element-14dd78c e-con-full e-flex e-con e-child\" data-id=\"14dd78c\" data-element_type=\"container\" data-e-type=\"container\">\n\t\t\t\t<\/div>\n\t\t<div class=\"elementor-element elementor-element-8e09a87 e-con-full e-flex e-con e-child\" data-id=\"8e09a87\" data-element_type=\"container\" data-e-type=\"container\">\n\t\t\t\t<div class=\"elementor-element elementor-element-03e2c93 elementor-widget elementor-widget-heading\" data-id=\"03e2c93\" data-element_type=\"widget\" data-e-type=\"widget\" data-widget_type=\"heading.default\">\n\t\t\t\t<div class=\"elementor-widget-container\">\n\t\t\t\t\t<h2 class=\"elementor-heading-title elementor-size-default\">Sesi\u00f3n de retrato en BA<\/h2>\t\t\t\t<\/div>\n\t\t\t\t<\/div>\n\t\t\t\t<div class=\"elementor-element elementor-element-1258f53 elementor-widget elementor-widget-heading\" data-id=\"1258f53\" data-element_type=\"widget\" data-e-type=\"widget\" data-widget_type=\"heading.default\">\n\t\t\t\t<div class=\"elementor-widget-container\">\n\t\t\t\t\t<h1 class=\"elementor-heading-title elementor-size-default\">T\u00e9rminos y condiciones \/ Pol\u00edtica de cancelaci\u00f3n<\/h1>\t\t\t\t<\/div>\n\t\t\t\t<\/div>\n\t\t\t\t<div class=\"elementor-element elementor-element-9efcd91 elementor-widget elementor-widget-spacer\" data-id=\"9efcd91\" data-element_type=\"widget\" data-e-type=\"widget\" data-widget_type=\"spacer.default\">\n\t\t\t\t<div class=\"elementor-widget-container\">\n\t\t\t\t\t\t\t<div class=\"elementor-spacer\">\n\t\t\t<div class=\"elementor-spacer-inner\"><\/div>\n\t\t<\/div>\n\t\t\t\t\t\t<\/div>\n\t\t\t\t<\/div>\n\t\t\t\t<div class=\"elementor-element elementor-element-1d9ddb2 elementor-widget elementor-widget-heading\" data-id=\"1d9ddb2\" data-element_type=\"widget\" data-e-type=\"widget\" data-widget_type=\"heading.default\">\n\t\t\t\t<div class=\"elementor-widget-container\">\n\t\t\t\t\t<h3 class=\"elementor-heading-title elementor-size-default\">El fot\u00f3grafo:<\/h3>\t\t\t\t<\/div>\n\t\t\t\t<\/div>\n\t\t\t\t<div class=\"elementor-element elementor-element-cdd7c69 elementor-widget elementor-widget-text-editor\" data-id=\"cdd7c69\" data-element_type=\"widget\" data-e-type=\"widget\" data-widget_type=\"text-editor.default\">\n\t\t\t\t<div class=\"elementor-widget-container\">\n\t\t\t\t\t\t\t\t\t<p><span style=\"color: #363636;\">Nicholas Tinelli<\/span><\/p>\t\t\t\t\t\t\t\t<\/div>\n\t\t\t\t<\/div>\n\t\t\t\t<div class=\"elementor-element elementor-element-773e934 elementor-widget elementor-widget-heading\" data-id=\"773e934\" data-element_type=\"widget\" data-e-type=\"widget\" data-widget_type=\"heading.default\">\n\t\t\t\t<div class=\"elementor-widget-container\">\n\t\t\t\t\t<h3 class=\"elementor-heading-title elementor-size-default\">El cliente:<\/h3>\t\t\t\t<\/div>\n\t\t\t\t<\/div>\n\t\t\t\t<div class=\"elementor-element elementor-element-7271179 elementor-widget elementor-widget-text-editor\" data-id=\"7271179\" data-element_type=\"widget\" data-e-type=\"widget\" data-widget_type=\"text-editor.default\">\n\t\t\t\t<div class=\"elementor-widget-container\">\n\t\t\t\t\t\t\t\t\t<p><span style=\"color: #363636;\">Cualquier persona, grupo de personas o empresa con la que el fot\u00f3grafo celebre un contrato de venta de bienes o prestaci\u00f3n de servicios por su parte. La compra de cualquier sesi\u00f3n de fotos ofrecida por Nicholas Tinelli constituye un acuerdo contractual entre vos y el fot\u00f3grafo y representa tu aceptaci\u00f3n de los t\u00e9rminos y condiciones establecidos en este documento. Aseg\u00farate de haber le\u00eddo, comprendido y aceptado estos t\u00e9rminos y condiciones antes de hacer la reserva.<\/span><\/p>\t\t\t\t\t\t\t\t<\/div>\n\t\t\t\t<\/div>\n\t\t\t\t<div class=\"elementor-element elementor-element-38ec847 elementor-widget-divider--view-line elementor-widget elementor-widget-divider\" data-id=\"38ec847\" data-element_type=\"widget\" data-e-type=\"widget\" data-widget_type=\"divider.default\">\n\t\t\t\t<div class=\"elementor-widget-container\">\n\t\t\t\t\t\t\t<div class=\"elementor-divider\">\n\t\t\t<span class=\"elementor-divider-separator\">\n\t\t\t\t\t\t<\/span>\n\t\t<\/div>\n\t\t\t\t\t\t<\/div>\n\t\t\t\t<\/div>\n\t\t\t\t<div class=\"elementor-element elementor-element-90b4d1b elementor-widget elementor-widget-heading\" data-id=\"90b4d1b\" data-element_type=\"widget\" data-e-type=\"widget\" data-widget_type=\"heading.default\">\n\t\t\t\t<div class=\"elementor-widget-container\">\n\t\t\t\t\t<h3 class=\"elementor-heading-title elementor-size-default\">Derechos de autor:<\/h3>\t\t\t\t<\/div>\n\t\t\t\t<\/div>\n\t\t\t\t<div class=\"elementor-element elementor-element-37200f3 elementor-widget elementor-widget-text-editor\" data-id=\"37200f3\" data-element_type=\"widget\" data-e-type=\"widget\" data-widget_type=\"text-editor.default\">\n\t\t\t\t<div class=\"elementor-widget-container\">\n\t\t\t\t\t\t\t\t\t<p><span style=\"color: #363636;\">Las fotograf\u00edas tomadas por Nicholas Tinelli al realizar el servicio fotogr\u00e1fico est\u00e1n protegidas por las leyes internacionales en materia de derechos de autor.<\/span><\/p>\t\t\t\t\t\t\t\t<\/div>\n\t\t\t\t<\/div>\n\t\t\t\t<div class=\"elementor-element elementor-element-a4e5b60 elementor-widget elementor-widget-heading\" data-id=\"a4e5b60\" data-element_type=\"widget\" data-e-type=\"widget\" data-widget_type=\"heading.default\">\n\t\t\t\t<div class=\"elementor-widget-container\">\n\t\t\t\t\t<h3 class=\"elementor-heading-title elementor-size-default\">Exhibici\u00f3n y promoci\u00f3n:<\/h3>\t\t\t\t<\/div>\n\t\t\t\t<\/div>\n\t\t\t\t<div class=\"elementor-element elementor-element-292e0f7 elementor-widget elementor-widget-text-editor\" data-id=\"292e0f7\" data-element_type=\"widget\" data-e-type=\"widget\" data-widget_type=\"text-editor.default\">\n\t\t\t\t<div class=\"elementor-widget-container\">\n\t\t\t\t\t\t\t\t\t<p class=\"p1\"><span style=\"color: #363636;\">El cliente permite a Nicholas Tinelli exhibir las im\u00e1genes cubiertas por este contrato y promocionar su negocio mediante publicidad, sitios web, exhibiciones, concursos, art\u00edculos de revistas y otros medios de ese tipo, siempre que las im\u00e1genes se usen legalmente y sin da\u00f1o al cliente. En caso de que el cliente no desee por alguna raz\u00f3n que las im\u00e1genes se muestren como se menciona anteriormente, lo deber\u00e1 notificar al fot\u00f3grafo con anticipaci\u00f3n. En este caso, depende de Nicholas Tinelli agregar una cl\u00e1usula espec\u00edfica en el contrato.<\/span><\/p>\t\t\t\t\t\t\t\t<\/div>\n\t\t\t\t<\/div>\n\t\t\t\t<div class=\"elementor-element elementor-element-420b9d9 elementor-widget elementor-widget-heading\" data-id=\"420b9d9\" data-element_type=\"widget\" data-e-type=\"widget\" data-widget_type=\"heading.default\">\n\t\t\t\t<div class=\"elementor-widget-container\">\n\t\t\t\t\t<h3 class=\"elementor-heading-title elementor-size-default\">Reservas:<\/h3>\t\t\t\t<\/div>\n\t\t\t\t<\/div>\n\t\t\t\t<div class=\"elementor-element elementor-element-c491535 elementor-widget elementor-widget-text-editor\" data-id=\"c491535\" data-element_type=\"widget\" data-e-type=\"widget\" data-widget_type=\"text-editor.default\">\n\t\t\t\t<div class=\"elementor-widget-container\">\n\t\t\t\t\t\t\t\t\t<p class=\"p1\"><span style=\"color: #363636;\">Todas las comunicaciones se llevar\u00e1n a cabo por correo electr\u00f3nico o WhatsApp. Nicholas Tinelli no acepta ninguna responsabilidad por direcciones de correo electr\u00f3nico incorrectas proporcionadas por usted o por intentos fallidos de entrega de mails.<\/span><\/p>\t\t\t\t\t\t\t\t<\/div>\n\t\t\t\t<\/div>\n\t\t\t\t<div class=\"elementor-element elementor-element-e66a5ec elementor-widget elementor-widget-heading\" data-id=\"e66a5ec\" data-element_type=\"widget\" data-e-type=\"widget\" data-widget_type=\"heading.default\">\n\t\t\t\t<div class=\"elementor-widget-container\">\n\t\t\t\t\t<h3 class=\"elementor-heading-title elementor-size-default\">Pago y confirmaci\u00f3n:<\/h3>\t\t\t\t<\/div>\n\t\t\t\t<\/div>\n\t\t\t\t<div class=\"elementor-element elementor-element-553f06e elementor-widget elementor-widget-text-editor\" data-id=\"553f06e\" data-element_type=\"widget\" data-e-type=\"widget\" data-widget_type=\"text-editor.default\">\n\t\t\t\t<div class=\"elementor-widget-container\">\n\t\t\t\t\t\t\t\t\t<p class=\"p1\"><span style=\"color: #363636;\">Los detalles del pago se indicar\u00e1n por correo electr\u00f3nico. <\/span><\/p><p class=\"p1\"><span style=\"color: #363636;\">Se requiere un dep\u00f3sito del 30% sobre el importe total a trav\u00e9s de PayPal, WeTravel, o Mercado Pago (consultar para otros m\u00e9todos). <\/span><\/p><p class=\"p1\"><span style=\"color: #363636;\">Una vez recibido, la reserva ser\u00e1 confirmada. Si el dep\u00f3sito no llega con al menos 6 horas de anticipaci\u00f3n al evento, se cancelar\u00e1 la reserva. El resto del pago se puede hacer en efectivo el mismo d\u00eda de la sesi\u00f3n fotogr\u00e1fica.<\/span><\/p><p class=\"p1\"><span style=\"color: #363636;\"> El pago de la tarifa indicar\u00e1 que ha le\u00eddo y aceptado estos t\u00e9rminos y condiciones.<\/span><\/p>\t\t\t\t\t\t\t\t<\/div>\n\t\t\t\t<\/div>\n\t\t\t\t<div class=\"elementor-element elementor-element-8592cc6 elementor-widget elementor-widget-heading\" data-id=\"8592cc6\" data-element_type=\"widget\" data-e-type=\"widget\" data-widget_type=\"heading.default\">\n\t\t\t\t<div class=\"elementor-widget-container\">\n\t\t\t\t\t<h3 class=\"elementor-heading-title elementor-size-default\">Cancelaci\u00f3n solicitada por el cliente:<\/h3>\t\t\t\t<\/div>\n\t\t\t\t<\/div>\n\t\t\t\t<div class=\"elementor-element elementor-element-3e7e51d elementor-widget elementor-widget-text-editor\" data-id=\"3e7e51d\" data-element_type=\"widget\" data-e-type=\"widget\" data-widget_type=\"text-editor.default\">\n\t\t\t\t<div class=\"elementor-widget-container\">\n\t\t\t\t\t\t\t\t\t<p>Las cancelaciones solicitadas por el cliente deber\u00e1n hacerse por correo electr\u00f3nico a Nicholas Tinelli.<\/p><p>Si el cliente desea cancelar hasta 90 d\u00edas antes de la fecha de inicio, se le devolver\u00e1 el dep\u00f3sito.<\/p><p>Si el cliente cancela con menos de 90 d\u00edas de antelaci\u00f3n a la fecha de la sesi\u00f3n de retrato, no se devolver\u00e1 el pago, pero conservar\u00e9 el cr\u00e9dito para otra reserva (sin l\u00edmites de tiempo, no se vence).<\/p><p>Se puede transferir a otra persona.<\/p>\t\t\t\t\t\t\t\t<\/div>\n\t\t\t\t<\/div>\n\t\t\t\t<div class=\"elementor-element elementor-element-d23aa6d elementor-widget elementor-widget-heading\" data-id=\"d23aa6d\" data-element_type=\"widget\" data-e-type=\"widget\" data-widget_type=\"heading.default\">\n\t\t\t\t<div class=\"elementor-widget-container\">\n\t\t\t\t\t<h3 class=\"elementor-heading-title elementor-size-default\">Cancelaci\u00f3n por parte del fot\u00f3grafo:<\/h3>\t\t\t\t<\/div>\n\t\t\t\t<\/div>\n\t\t\t\t<div class=\"elementor-element elementor-element-cc8a464 elementor-widget elementor-widget-text-editor\" data-id=\"cc8a464\" data-element_type=\"widget\" data-e-type=\"widget\" data-widget_type=\"text-editor.default\">\n\t\t\t\t<div class=\"elementor-widget-container\">\n\t\t\t\t\t\t\t\t\t<p class=\"p1\"><span style=\"color: #363636;\">En el caso de cualquier cancelaci\u00f3n hecha por Nicholas Tinelli, por cualquier raz\u00f3n, las tarifas ser\u00e1n reembolsadas en su totalidad.<\/span><\/p>\t\t\t\t\t\t\t\t<\/div>\n\t\t\t\t<\/div>\n\t\t\t\t<div class=\"elementor-element elementor-element-4b0f38a elementor-widget elementor-widget-heading\" data-id=\"4b0f38a\" data-element_type=\"widget\" data-e-type=\"widget\" data-widget_type=\"heading.default\">\n\t\t\t\t<div class=\"elementor-widget-container\">\n\t\t\t\t\t<h3 class=\"elementor-heading-title elementor-size-default\">Estado f\u00edsico, alergias, accidentes, y robo: <\/h3>\t\t\t\t<\/div>\n\t\t\t\t<\/div>\n\t\t\t\t<div class=\"elementor-element elementor-element-c222848 elementor-widget elementor-widget-text-editor\" data-id=\"c222848\" data-element_type=\"widget\" data-e-type=\"widget\" data-widget_type=\"text-editor.default\">\n\t\t\t\t<div class=\"elementor-widget-container\">\n\t\t\t\t\t\t\t\t\t<p class=\"p1\"><span style=\"color: #363636;\">Todas las sesiones de retrato se realizan bajo la responsabilidad del participante. Cualquier condici\u00f3n m\u00e9dica, medicamento que se tome y\/o alergias que puedan afectar su salud o participaci\u00f3n debe ser notificado a por escrito antes de la fecha de la actividad. Nicholas Tinelli no acepta ninguna responsabilidad u obligaci\u00f3n en caso de enfermedad, lesi\u00f3n, muerte, p\u00e9rdida o da\u00f1o a la propiedad personal.<\/span><\/p>\t\t\t\t\t\t\t\t<\/div>\n\t\t\t\t<\/div>\n\t\t\t\t<div class=\"elementor-element elementor-element-3bc9276 elementor-widget elementor-widget-heading\" data-id=\"3bc9276\" data-element_type=\"widget\" data-e-type=\"widget\" data-widget_type=\"heading.default\">\n\t\t\t\t<div class=\"elementor-widget-container\">\n\t\t\t\t\t<h3 class=\"elementor-heading-title elementor-size-default\">Sitio web:<\/h3>\t\t\t\t<\/div>\n\t\t\t\t<\/div>\n\t\t\t\t<div class=\"elementor-element elementor-element-9f25d8c elementor-widget elementor-widget-text-editor\" data-id=\"9f25d8c\" data-element_type=\"widget\" data-e-type=\"widget\" data-widget_type=\"text-editor.default\">\n\t\t\t\t<div class=\"elementor-widget-container\">\n\t\t\t\t\t\t\t\t\t<p class=\"p1\"><span style=\"color: #363636;\">Toda la informaci\u00f3n proporcionada en nuestro sitio es correcta, seg\u00fan nuestro saber y entender. Nicholas Tinelli no asume ninguna responsabilidad por el malentendido o la mala interpretaci\u00f3n de cualquier dato publicado en este sitio.<\/span><\/p>\t\t\t\t\t\t\t\t<\/div>\n\t\t\t\t<\/div>\n\t\t\t\t<div class=\"elementor-element elementor-element-f05270a elementor-widget elementor-widget-spacer\" data-id=\"f05270a\" data-element_type=\"widget\" data-e-type=\"widget\" data-widget_type=\"spacer.default\">\n\t\t\t\t<div class=\"elementor-widget-container\">\n\t\t\t\t\t\t\t<div class=\"elementor-spacer\">\n\t\t\t<div class=\"elementor-spacer-inner\"><\/div>\n\t\t<\/div>\n\t\t\t\t\t\t<\/div>\n\t\t\t\t<\/div>\n\t\t\t\t<\/div>\n\t\t<div class=\"elementor-element elementor-element-b77e73b e-con-full e-flex e-con e-child\" data-id=\"b77e73b\" data-element_type=\"container\" data-e-type=\"container\">\n\t\t\t\t<\/div>\n\t\t\t\t\t<\/div>\n\t\t\t\t<\/div>\n\t\t\t\t<\/div>\n\t\t","protected":false},"excerpt":{"rendered":"<p>Sesi\u00f3n de retrato en BA T\u00e9rminos y condiciones \/ Pol\u00edtica de cancelaci\u00f3n El fot\u00f3grafo: Nicholas Tinelli El cliente: Cualquier persona, grupo de personas o empresa con la que el fot\u00f3grafo celebre un contrato de venta de bienes o prestaci\u00f3n de servicios por su parte. La compra de cualquier sesi\u00f3n de fotos ofrecida por Nicholas Tinelli &#8230; <a title=\"T\u00e9rminos y condiciones | Sesiones de retrato\" class=\"read-more\" href=\"https:\/\/nicholastinelli.com\/es\/terminos-condiciones-sesiones\/\" aria-label=\"Leer m\u00e1s sobre T\u00e9rminos y condiciones | Sesiones de retrato\">Leer m\u00e1s<\/a><\/p>\n","protected":false},"author":2,"featured_media":0,"parent":0,"menu_order":0,"comment_status":"closed","ping_status":"closed","template":"","meta":{"_lmt_disableupdate":"no","_lmt_disable":"","footnotes":""},"class_list":["post-18926","page","type-page","status-publish"],"_links":{"self":[{"href":"https:\/\/nicholastinelli.com\/es\/wp-json\/wp\/v2\/pages\/18926","targetHints":{"allow":["GET"]}}],"collection":[{"href":"https:\/\/nicholastinelli.com\/es\/wp-json\/wp\/v2\/pages"}],"about":[{"href":"https:\/\/nicholastinelli.com\/es\/wp-json\/wp\/v2\/types\/page"}],"author":[{"embeddable":true,"href":"https:\/\/nicholastinelli.com\/es\/wp-json\/wp\/v2\/users\/2"}],"replies":[{"embeddable":true,"href":"https:\/\/nicholastinelli.com\/es\/wp-json\/wp\/v2\/comments?post=18926"}],"version-history":[{"count":0,"href":"https:\/\/nicholastinelli.com\/es\/wp-json\/wp\/v2\/pages\/18926\/revisions"}],"wp:attachment":[{"href":"https:\/\/nicholastinelli.com\/es\/wp-json\/wp\/v2\/media?parent=18926"}],"curies":[{"name":"wp","href":"https:\/\/api.w.org\/{rel}","templated":true}]}}