{"id":18959,"date":"2020-05-08T11:41:41","date_gmt":"2020-05-08T14:41:41","guid":{"rendered":"https:\/\/nicholastinelli.com\/?page_id=18959"},"modified":"2026-01-08T11:00:48","modified_gmt":"2026-01-08T14:00:48","slug":"servicios","status":"publish","type":"page","link":"https:\/\/nicholastinelli.com\/es\/servicios\/","title":{"rendered":"Servicios de fotografia en Buenos Aires"},"content":{"rendered":"\t\t<div data-elementor-type=\"wp-post\" data-elementor-id=\"18959\" class=\"elementor elementor-18959 elementor-18939\" data-elementor-post-type=\"page\">\n\t\t\t\t<div class=\"elementor-element elementor-element-2024275c e-flex e-con-boxed e-con e-parent\" data-id=\"2024275c\" data-element_type=\"container\" data-e-type=\"container\">\n\t\t\t\t\t<div class=\"e-con-inner\">\n\t\t<div class=\"elementor-element elementor-element-4d3e6a96 e-con-full e-flex e-con e-child\" data-id=\"4d3e6a96\" data-element_type=\"container\" data-e-type=\"container\">\n\t\t\t\t<div class=\"elementor-element elementor-element-35a078d2 elementor-widget elementor-widget-heading\" data-id=\"35a078d2\" data-element_type=\"widget\" data-e-type=\"widget\" data-widget_type=\"heading.default\">\n\t\t\t\t<div class=\"elementor-widget-container\">\n\t\t\t\t\t<h1 class=\"elementor-heading-title elementor-size-default\">Servicios de fotograf\u00eda en <span style=\"color: #dc4020\">Buenos Aires<\/span>, Argentina &amp; Online<\/h1>\t\t\t\t<\/div>\n\t\t\t\t<\/div>\n\t\t\t\t<div class=\"elementor-element elementor-element-2c1b0a7e elementor-widget-divider--view-line elementor-widget elementor-widget-divider\" data-id=\"2c1b0a7e\" data-element_type=\"widget\" data-e-type=\"widget\" data-widget_type=\"divider.default\">\n\t\t\t\t<div class=\"elementor-widget-container\">\n\t\t\t\t\t\t\t<div class=\"elementor-divider\">\n\t\t\t<span class=\"elementor-divider-separator\">\n\t\t\t\t\t\t<\/span>\n\t\t<\/div>\n\t\t\t\t\t\t<\/div>\n\t\t\t\t<\/div>\n\t\t<div class=\"elementor-element elementor-element-72eebce8 e-con-full e-flex e-con e-child\" data-id=\"72eebce8\" data-element_type=\"container\" data-e-type=\"container\">\n\t\t<div class=\"elementor-element elementor-element-4ddbfaa4 e-con-full e-flex e-con e-child\" data-id=\"4ddbfaa4\" data-element_type=\"container\" data-e-type=\"container\">\n\t\t\t\t<div class=\"elementor-element elementor-element-163df180 elementor-widget elementor-widget-image\" data-id=\"163df180\" data-element_type=\"widget\" data-e-type=\"widget\" data-widget_type=\"image.default\">\n\t\t\t\t<div class=\"elementor-widget-container\">\n\t\t\t\t\t\t\t\t\t\t\t\t\t\t\t\t<a href=\"https:\/\/nicholastinelli.com\/es\/sesiones-fotograficas\/\">\n\t\t\t\t\t\t\t<img fetchpriority=\"high\" decoding=\"async\" width=\"1200\" height=\"800\" src=\"https:\/\/nicholastinelli.com\/wp-content\/uploads\/2021\/12\/Photoshoot-La-Boca-Buenos-Aires-1.jpg\" class=\"attachment-full size-full wp-image-30841\" alt=\"portrait photoshoot\" srcset=\"https:\/\/nicholastinelli.com\/wp-content\/uploads\/2021\/12\/Photoshoot-La-Boca-Buenos-Aires-1.jpg 1200w, https:\/\/nicholastinelli.com\/wp-content\/uploads\/2021\/12\/Photoshoot-La-Boca-Buenos-Aires-1-800x533.jpg 800w, https:\/\/nicholastinelli.com\/wp-content\/uploads\/2021\/12\/Photoshoot-La-Boca-Buenos-Aires-1-768x512.jpg 768w\" sizes=\"(max-width: 1200px) 100vw, 1200px\" \/>\t\t\t\t\t\t\t\t<\/a>\n\t\t\t\t\t\t\t\t\t\t\t\t\t\t\t<\/div>\n\t\t\t\t<\/div>\n\t\t\t\t<div class=\"elementor-element elementor-element-b84fb40 elementor-widget elementor-widget-heading\" data-id=\"b84fb40\" data-element_type=\"widget\" data-e-type=\"widget\" data-widget_type=\"heading.default\">\n\t\t\t\t<div class=\"elementor-widget-container\">\n\t\t\t\t\t<h2 class=\"elementor-heading-title elementor-size-default\"><a href=\"https:\/\/nicholastinelli.com\/es\/sesiones-fotograficas\/\">Sesiones de retrato<\/a><\/h2>\t\t\t\t<\/div>\n\t\t\t\t<\/div>\n\t\t\t\t<\/div>\n\t\t<div class=\"elementor-element elementor-element-213dff60 e-con-full e-flex e-con e-child\" data-id=\"213dff60\" data-element_type=\"container\" data-e-type=\"container\">\n\t\t\t\t<div class=\"elementor-element elementor-element-22a5dd1b elementor-widget elementor-widget-image\" data-id=\"22a5dd1b\" data-element_type=\"widget\" data-e-type=\"widget\" data-widget_type=\"image.default\">\n\t\t\t\t<div class=\"elementor-widget-container\">\n\t\t\t\t\t\t\t\t\t\t\t\t\t\t\t\t<a href=\"https:\/\/nicholastinelli.com\/es\/tours-fotograficos-en-buenos-aires\/\">\n\t\t\t\t\t\t\t<img decoding=\"async\" width=\"1200\" height=\"800\" src=\"https:\/\/nicholastinelli.com\/wp-content\/uploads\/2025\/06\/photo-tours-in-buenos-aires.jpg\" class=\"attachment-full size-full wp-image-38169\" alt=\"photo tours in Buenos Aires\" srcset=\"https:\/\/nicholastinelli.com\/wp-content\/uploads\/2025\/06\/photo-tours-in-buenos-aires.jpg 1200w, https:\/\/nicholastinelli.com\/wp-content\/uploads\/2025\/06\/photo-tours-in-buenos-aires-800x533.jpg 800w, https:\/\/nicholastinelli.com\/wp-content\/uploads\/2025\/06\/photo-tours-in-buenos-aires-768x512.jpg 768w\" sizes=\"(max-width: 1200px) 100vw, 1200px\" \/>\t\t\t\t\t\t\t\t<\/a>\n\t\t\t\t\t\t\t\t\t\t\t\t\t\t\t<\/div>\n\t\t\t\t<\/div>\n\t\t\t\t<div class=\"elementor-element elementor-element-47b4b465 elementor-widget elementor-widget-heading\" data-id=\"47b4b465\" data-element_type=\"widget\" data-e-type=\"widget\" data-widget_type=\"heading.default\">\n\t\t\t\t<div class=\"elementor-widget-container\">\n\t\t\t\t\t<h2 class=\"elementor-heading-title elementor-size-default\"><a href=\"https:\/\/nicholastinelli.com\/es\/tours-fotograficos-en-buenos-aires\/\">Photo Tours en Buenos Aires<\/a><\/h2>\t\t\t\t<\/div>\n\t\t\t\t<\/div>\n\t\t\t\t<\/div>\n\t\t\t\t<\/div>\n\t\t<div class=\"elementor-element elementor-element-7f5dcbfe e-con-full e-flex e-con e-child\" data-id=\"7f5dcbfe\" data-element_type=\"container\" data-e-type=\"container\">\n\t\t<div class=\"elementor-element elementor-element-6825d163 e-con-full e-flex e-con e-child\" data-id=\"6825d163\" data-element_type=\"container\" data-e-type=\"container\">\n\t\t\t\t<div class=\"elementor-element elementor-element-643ee92f elementor-widget elementor-widget-image\" data-id=\"643ee92f\" data-element_type=\"widget\" data-e-type=\"widget\" data-widget_type=\"image.default\">\n\t\t\t\t<div class=\"elementor-widget-container\">\n\t\t\t\t\t\t\t\t\t\t\t\t\t\t\t\t<a href=\"https:\/\/nicholastinelli.com\/es\/fotografia-comercial\/\">\n\t\t\t\t\t\t\t<img decoding=\"async\" width=\"1200\" height=\"800\" src=\"https:\/\/nicholastinelli.com\/wp-content\/uploads\/2025\/06\/editorial-commercial-photography.jpg\" class=\"attachment-full size-full wp-image-38175\" alt=\"commercial photography in Buenos Aires\" srcset=\"https:\/\/nicholastinelli.com\/wp-content\/uploads\/2025\/06\/editorial-commercial-photography.jpg 1200w, https:\/\/nicholastinelli.com\/wp-content\/uploads\/2025\/06\/editorial-commercial-photography-800x533.jpg 800w, https:\/\/nicholastinelli.com\/wp-content\/uploads\/2025\/06\/editorial-commercial-photography-768x512.jpg 768w\" sizes=\"(max-width: 1200px) 100vw, 1200px\" \/>\t\t\t\t\t\t\t\t<\/a>\n\t\t\t\t\t\t\t\t\t\t\t\t\t\t\t<\/div>\n\t\t\t\t<\/div>\n\t\t\t\t<div class=\"elementor-element elementor-element-101f401b elementor-widget elementor-widget-heading\" data-id=\"101f401b\" data-element_type=\"widget\" data-e-type=\"widget\" data-widget_type=\"heading.default\">\n\t\t\t\t<div class=\"elementor-widget-container\">\n\t\t\t\t\t<h2 class=\"elementor-heading-title elementor-size-default\"><a href=\"https:\/\/nicholastinelli.com\/es\/fotografia-comercial\/\">Fotograf\u00eda editorial y comercial<\/a><\/h2>\t\t\t\t<\/div>\n\t\t\t\t<\/div>\n\t\t\t\t<\/div>\n\t\t<div class=\"elementor-element elementor-element-3153b700 e-con-full e-flex e-con e-child\" data-id=\"3153b700\" data-element_type=\"container\" data-e-type=\"container\">\n\t\t\t\t<div class=\"elementor-element elementor-element-5b1f422a elementor-widget elementor-widget-image\" data-id=\"5b1f422a\" data-element_type=\"widget\" data-e-type=\"widget\" data-widget_type=\"image.default\">\n\t\t\t\t<div class=\"elementor-widget-container\">\n\t\t\t\t\t\t\t\t\t\t\t\t\t\t\t\t<a href=\"https:\/\/nicholastinelli.com\/es\/servicios\/viajes-fotograficos\/\">\n\t\t\t\t\t\t\t<img loading=\"lazy\" decoding=\"async\" width=\"1200\" height=\"800\" src=\"https:\/\/nicholastinelli.com\/wp-content\/uploads\/2025\/06\/argentina-photo-workshops.jpg\" class=\"attachment-full size-full wp-image-38172\" alt=\"photographic journeys\" srcset=\"https:\/\/nicholastinelli.com\/wp-content\/uploads\/2025\/06\/argentina-photo-workshops.jpg 1200w, https:\/\/nicholastinelli.com\/wp-content\/uploads\/2025\/06\/argentina-photo-workshops-800x533.jpg 800w, https:\/\/nicholastinelli.com\/wp-content\/uploads\/2025\/06\/argentina-photo-workshops-768x512.jpg 768w\" sizes=\"(max-width: 1200px) 100vw, 1200px\" \/>\t\t\t\t\t\t\t\t<\/a>\n\t\t\t\t\t\t\t\t\t\t\t\t\t\t\t<\/div>\n\t\t\t\t<\/div>\n\t\t\t\t<div class=\"elementor-element elementor-element-1669b31a elementor-widget elementor-widget-heading\" data-id=\"1669b31a\" data-element_type=\"widget\" data-e-type=\"widget\" data-widget_type=\"heading.default\">\n\t\t\t\t<div class=\"elementor-widget-container\">\n\t\t\t\t\t<h2 class=\"elementor-heading-title elementor-size-default\"><a href=\"https:\/\/nicholastinelli.com\/es\/servicios\/viajes-fotograficos\/\">Viajes fotogr\u00e1ficos a Argentina<\/a><\/h2>\t\t\t\t<\/div>\n\t\t\t\t<\/div>\n\t\t\t\t<\/div>\n\t\t\t\t<\/div>\n\t\t<div class=\"elementor-element elementor-element-125fa08 e-con-full e-flex e-con e-child\" data-id=\"125fa08\" data-element_type=\"container\" data-e-type=\"container\">\n\t\t<div class=\"elementor-element elementor-element-5f0a7097 e-con-full e-flex e-con e-child\" data-id=\"5f0a7097\" data-element_type=\"container\" data-e-type=\"container\">\n\t\t\t\t<div class=\"elementor-element elementor-element-1cdef7 elementor-widget elementor-widget-image\" data-id=\"1cdef7\" data-element_type=\"widget\" data-e-type=\"widget\" data-widget_type=\"image.default\">\n\t\t\t\t<div class=\"elementor-widget-container\">\n\t\t\t\t\t\t\t\t\t\t\t\t\t\t\t\t<a href=\"https:\/\/nicholastinelli.com\/es\/cursos-de-fotografia\/\">\n\t\t\t\t\t\t\t<img loading=\"lazy\" decoding=\"async\" width=\"1200\" height=\"800\" src=\"https:\/\/nicholastinelli.com\/wp-content\/uploads\/2025\/06\/Online-lessons-class-photography-capture-the-world.jpg\" class=\"attachment-full size-full wp-image-38178\" alt=\"photography courses\" srcset=\"https:\/\/nicholastinelli.com\/wp-content\/uploads\/2025\/06\/Online-lessons-class-photography-capture-the-world.jpg 1200w, https:\/\/nicholastinelli.com\/wp-content\/uploads\/2025\/06\/Online-lessons-class-photography-capture-the-world-800x533.jpg 800w, https:\/\/nicholastinelli.com\/wp-content\/uploads\/2025\/06\/Online-lessons-class-photography-capture-the-world-768x512.jpg 768w\" sizes=\"(max-width: 1200px) 100vw, 1200px\" \/>\t\t\t\t\t\t\t\t<\/a>\n\t\t\t\t\t\t\t\t\t\t\t\t\t\t\t<\/div>\n\t\t\t\t<\/div>\n\t\t\t\t<div class=\"elementor-element elementor-element-72e2af10 elementor-widget elementor-widget-heading\" data-id=\"72e2af10\" data-element_type=\"widget\" data-e-type=\"widget\" data-widget_type=\"heading.default\">\n\t\t\t\t<div class=\"elementor-widget-container\">\n\t\t\t\t\t<h2 class=\"elementor-heading-title elementor-size-default\"><a href=\"https:\/\/nicholastinelli.com\/es\/cursos-de-fotografia\/\">Clases privadas 1 a 1 online<\/a><\/h2>\t\t\t\t<\/div>\n\t\t\t\t<\/div>\n\t\t\t\t<\/div>\n\t\t<div class=\"elementor-element elementor-element-1381427d e-con-full e-flex e-con e-child\" data-id=\"1381427d\" data-element_type=\"container\" data-e-type=\"container\">\n\t\t\t\t<div class=\"elementor-element elementor-element-6b620b48 elementor-widget elementor-widget-image\" data-id=\"6b620b48\" data-element_type=\"widget\" data-e-type=\"widget\" data-widget_type=\"image.default\">\n\t\t\t\t<div class=\"elementor-widget-container\">\n\t\t\t\t\t\t\t\t\t\t\t\t\t\t\t\t<a href=\"https:\/\/nicholastinelli.com\/es\/impresiones-fine-art\/\">\n\t\t\t\t\t\t\t<img loading=\"lazy\" decoding=\"async\" width=\"1536\" height=\"1024\" src=\"https:\/\/nicholastinelli.com\/wp-content\/uploads\/2025\/09\/nicholas-tinelli-fine-art-photography.jpg\" class=\"attachment-full size-full wp-image-42201\" alt=\"nicholas tinelli fine art photography\" srcset=\"https:\/\/nicholastinelli.com\/wp-content\/uploads\/2025\/09\/nicholas-tinelli-fine-art-photography.jpg 1536w, https:\/\/nicholastinelli.com\/wp-content\/uploads\/2025\/09\/nicholas-tinelli-fine-art-photography-800x533.jpg 800w, https:\/\/nicholastinelli.com\/wp-content\/uploads\/2025\/09\/nicholas-tinelli-fine-art-photography-1200x800.jpg 1200w, https:\/\/nicholastinelli.com\/wp-content\/uploads\/2025\/09\/nicholas-tinelli-fine-art-photography-768x512.jpg 768w\" sizes=\"(max-width: 1536px) 100vw, 1536px\" \/>\t\t\t\t\t\t\t\t<\/a>\n\t\t\t\t\t\t\t\t\t\t\t\t\t\t\t<\/div>\n\t\t\t\t<\/div>\n\t\t\t\t<div class=\"elementor-element elementor-element-6d81632a elementor-widget elementor-widget-heading\" data-id=\"6d81632a\" data-element_type=\"widget\" data-e-type=\"widget\" data-widget_type=\"heading.default\">\n\t\t\t\t<div class=\"elementor-widget-container\">\n\t\t\t\t\t<h2 class=\"elementor-heading-title elementor-size-default\"><a href=\"https:\/\/nicholastinelli.com\/es\/impresiones-fine-art\/\">Edici\u00f3n limitada de impresiones Fine Art<\/a><\/h2>\t\t\t\t<\/div>\n\t\t\t\t<\/div>\n\t\t\t\t<\/div>\n\t\t\t\t<\/div>\n\t\t\t\t<div class=\"elementor-element elementor-element-3f260f26 elementor-widget-divider--view-line elementor-widget elementor-widget-divider\" data-id=\"3f260f26\" data-element_type=\"widget\" data-e-type=\"widget\" data-widget_type=\"divider.default\">\n\t\t\t\t<div class=\"elementor-widget-container\">\n\t\t\t\t\t\t\t<div class=\"elementor-divider\">\n\t\t\t<span class=\"elementor-divider-separator\">\n\t\t\t\t\t\t<\/span>\n\t\t<\/div>\n\t\t\t\t\t\t<\/div>\n\t\t\t\t<\/div>\n\t\t\t\t<div class=\"elementor-element elementor-element-53f94aa6 elementor-widget elementor-widget-heading\" data-id=\"53f94aa6\" data-element_type=\"widget\" data-e-type=\"widget\" data-widget_type=\"heading.default\">\n\t\t\t\t<div class=\"elementor-widget-container\">\n\t\t\t\t\t<h2 class=\"elementor-heading-title elementor-size-default\">Servicios de fotograf\u00eda en Buenos Aires, Argentina y Online a tu medida.<\/h2>\t\t\t\t<\/div>\n\t\t\t\t<\/div>\n\t\t\t\t<div class=\"elementor-element elementor-element-445cdb91 elementor-align-center elementor-widget elementor-widget-button\" data-id=\"445cdb91\" data-element_type=\"widget\" data-e-type=\"widget\" data-widget_type=\"button.default\">\n\t\t\t\t<div class=\"elementor-widget-container\">\n\t\t\t\t\t\t\t\t\t<div class=\"elementor-button-wrapper\">\n\t\t\t\t\t<a class=\"elementor-button elementor-button-link elementor-size-sm elementor-animation-buzz\" href=\"https:\/\/nicholastinelli.com\/es\/contacto\/\">\n\t\t\t\t\t\t<span class=\"elementor-button-content-wrapper\">\n\t\t\t\t\t\t\t\t\t<span class=\"elementor-button-text\">Solicite un presupuesto hoy mismo<\/span>\n\t\t\t\t\t<\/span>\n\t\t\t\t\t<\/a>\n\t\t\t\t<\/div>\n\t\t\t\t\t\t\t\t<\/div>\n\t\t\t\t<\/div>\n\t\t\t\t<\/div>\n\t\t\t\t\t<\/div>\n\t\t\t\t<\/div>\n\t\t\t\t<\/div>\n\t\t","protected":false},"excerpt":{"rendered":"<p>Servicios de fotograf\u00eda en Buenos Aires, Argentina &amp; Online Sesiones de retrato Photo Tours en Buenos Aires Fotograf\u00eda editorial y comercial Viajes fotogr\u00e1ficos a Argentina Clases privadas 1 a 1 online Edici\u00f3n limitada de impresiones Fine Art Servicios de fotograf\u00eda en Buenos Aires, Argentina y Online a tu medida. Solicite un presupuesto hoy mismo<\/p>\n","protected":false},"author":2,"featured_media":16056,"parent":0,"menu_order":0,"comment_status":"closed","ping_status":"closed","template":"","meta":{"_lmt_disableupdate":"no","_lmt_disable":"","footnotes":""},"class_list":["post-18959","page","type-page","status-publish","has-post-thumbnail"],"_links":{"self":[{"href":"https:\/\/nicholastinelli.com\/es\/wp-json\/wp\/v2\/pages\/18959","targetHints":{"allow":["GET"]}}],"collection":[{"href":"https:\/\/nicholastinelli.com\/es\/wp-json\/wp\/v2\/pages"}],"about":[{"href":"https:\/\/nicholastinelli.com\/es\/wp-json\/wp\/v2\/types\/page"}],"author":[{"embeddable":true,"href":"https:\/\/nicholastinelli.com\/es\/wp-json\/wp\/v2\/users\/2"}],"replies":[{"embeddable":true,"href":"https:\/\/nicholastinelli.com\/es\/wp-json\/wp\/v2\/comments?post=18959"}],"version-history":[{"count":0,"href":"https:\/\/nicholastinelli.com\/es\/wp-json\/wp\/v2\/pages\/18959\/revisions"}],"wp:featuredmedia":[{"embeddable":true,"href":"https:\/\/nicholastinelli.com\/es\/wp-json\/wp\/v2\/media\/16056"}],"wp:attachment":[{"href":"https:\/\/nicholastinelli.com\/es\/wp-json\/wp\/v2\/media?parent=18959"}],"curies":[{"name":"wp","href":"https:\/\/api.w.org\/{rel}","templated":true}]}}