{"id":22360,"date":"2020-09-01T15:41:58","date_gmt":"2020-09-01T18:41:58","guid":{"rendered":"https:\/\/nicholastinelli.com\/?page_id=22360"},"modified":"2023-09-07T07:22:12","modified_gmt":"2023-09-07T10:22:12","slug":"exposiciones","status":"publish","type":"page","link":"https:\/\/nicholastinelli.com\/es\/exposiciones\/","title":{"rendered":"Exposiciones"},"content":{"rendered":"\t\t<div data-elementor-type=\"wp-post\" data-elementor-id=\"22360\" class=\"elementor elementor-22360 elementor-22343\" data-elementor-post-type=\"page\">\n\t\t\t\t<div class=\"elementor-element elementor-element-8448a83 e-flex e-con-boxed e-con e-parent\" data-id=\"8448a83\" data-element_type=\"container\" data-e-type=\"container\">\n\t\t\t\t\t<div class=\"e-con-inner\">\n\t\t<div class=\"elementor-element elementor-element-e080614 e-con-full e-flex e-con e-child\" data-id=\"e080614\" data-element_type=\"container\" data-e-type=\"container\">\n\t\t\t\t<div class=\"elementor-element elementor-element-ba1a39b elementor--h-position-center elementor--v-position-middle elementor-arrows-position-inside elementor-pagination-position-inside elementor-widget elementor-widget-slides\" data-id=\"ba1a39b\" data-element_type=\"widget\" data-e-type=\"widget\" data-settings=\"{&quot;transition&quot;:&quot;fade&quot;,&quot;_animation&quot;:&quot;none&quot;,&quot;navigation&quot;:&quot;both&quot;,&quot;autoplay&quot;:&quot;yes&quot;,&quot;pause_on_hover&quot;:&quot;yes&quot;,&quot;pause_on_interaction&quot;:&quot;yes&quot;,&quot;autoplay_speed&quot;:5000,&quot;infinite&quot;:&quot;yes&quot;,&quot;transition_speed&quot;:500}\" data-widget_type=\"slides.default\">\n\t\t\t\t<div class=\"elementor-widget-container\">\n\t\t\t\t\t\t\t\t\t<div class=\"elementor-swiper\">\n\t\t\t\t\t<div class=\"elementor-slides-wrapper elementor-main-swiper swiper\" role=\"region\" aria-roledescription=\"carousel\" aria-label=\"Slides\" dir=\"ltr\" data-animation=\"fadeInUp\">\n\t\t\t\t<div class=\"swiper-wrapper elementor-slides\">\n\t\t\t\t\t\t\t\t\t\t<div class=\"elementor-repeater-item-32fceef swiper-slide\" role=\"group\" aria-roledescription=\"slide\"><div class=\"swiper-slide-bg\" role=\"img\" aria-label=\"photography exhibition\"><\/div><div class=\"swiper-slide-inner\" ><div class=\"swiper-slide-contents\"><\/div><\/div><\/div>\t\t\t\t<\/div>\n\t\t\t\t\t\t\t<\/div>\n\t\t\t\t<\/div>\n\t\t\t\t\t\t\t\t<\/div>\n\t\t\t\t<\/div>\n\t\t\t\t<\/div>\n\t\t\t\t\t<\/div>\n\t\t\t\t<\/div>\n\t\t<div class=\"elementor-element elementor-element-96479f9 e-flex e-con-boxed e-con e-parent\" data-id=\"96479f9\" data-element_type=\"container\" data-e-type=\"container\">\n\t\t\t\t\t<div class=\"e-con-inner\">\n\t\t<div class=\"elementor-element elementor-element-631b609 e-con-full e-flex e-con e-child\" data-id=\"631b609\" data-element_type=\"container\" data-e-type=\"container\">\n\t\t\t\t<div class=\"elementor-element elementor-element-489bff7 elementor-widget elementor-widget-heading\" data-id=\"489bff7\" data-element_type=\"widget\" data-e-type=\"widget\" data-widget_type=\"heading.default\">\n\t\t\t\t<div class=\"elementor-widget-container\">\n\t\t\t\t\t<h1 class=\"elementor-heading-title elementor-size-default\">EXPOSICIONES FOTOGR\u00c1FICAS<\/h1>\t\t\t\t<\/div>\n\t\t\t\t<\/div>\n\t\t\t\t<div class=\"elementor-element elementor-element-166d527 elementor-widget elementor-widget-heading\" data-id=\"166d527\" data-element_type=\"widget\" data-e-type=\"widget\" data-widget_type=\"heading.default\">\n\t\t\t\t<div class=\"elementor-widget-container\">\n\t\t\t\t\t<h2 class=\"elementor-heading-title elementor-size-default\">Pasadas y pr\u00f3ximas<\/h2>\t\t\t\t<\/div>\n\t\t\t\t<\/div>\n\t\t\t\t<div class=\"elementor-element elementor-element-d4aa951 elementor-widget elementor-widget-text-editor\" data-id=\"d4aa951\" data-element_type=\"widget\" data-e-type=\"widget\" data-widget_type=\"text-editor.default\">\n\t\t\t\t<div class=\"elementor-widget-container\">\n\t\t\t\t\t\t\t\t\t<ul><li><a href=\"https:\/\/www.atlasofhumanity.org\/newyork\" target=\"_blank\" rel=\"noopener nofollow\">Atlas of Humanity<\/a>. Exposici\u00f3n colectiva en la Soho Photo Gallery, <strong>Nueva York (EE.UU.)<\/strong>, Marzo de 2023<\/li><\/ul>\t\t\t\t\t\t\t\t<\/div>\n\t\t\t\t<\/div>\n\t\t\t\t<div class=\"elementor-element elementor-element-2f43f5d elementor-widget elementor-widget-text-editor\" data-id=\"2f43f5d\" data-element_type=\"widget\" data-e-type=\"widget\" data-widget_type=\"text-editor.default\">\n\t\t\t\t<div class=\"elementor-widget-container\">\n\t\t\t\t\t\t\t\t\t<ul><li><a href=\"https:\/\/www.atlasofhumanity.org\/milan\" target=\"_blank\" rel=\"noopener nofollow\">Atlas of Humanity<\/a>. Exposici\u00f3n colectiva en la Fundaci\u00f3n Luciana Matalon, <strong>Milan (Italia)<\/strong>, Octubre de 2022<\/li><\/ul>\t\t\t\t\t\t\t\t<\/div>\n\t\t\t\t<\/div>\n\t\t\t\t<div class=\"elementor-element elementor-element-67a1ab3 elementor-widget elementor-widget-text-editor\" data-id=\"67a1ab3\" data-element_type=\"widget\" data-e-type=\"widget\" data-widget_type=\"text-editor.default\">\n\t\t\t\t<div class=\"elementor-widget-container\">\n\t\t\t\t\t\t\t\t\t<ul><li><a href=\"https:\/\/www.atlasofhumanity.com\/paris\" target=\"_blank\" rel=\"noopener nofollow\">Atlas of Humanity<\/a>. Exposici\u00f3n colectiva en el marco del ImageNation Expo, Galer\u00eda Joseph Turenne, <strong>Paris (Francia)<\/strong>, Mayo de 2022<\/li><\/ul>\t\t\t\t\t\t\t\t<\/div>\n\t\t\t\t<\/div>\n\t\t\t\t<div class=\"elementor-element elementor-element-222708d elementor-widget elementor-widget-text-editor\" data-id=\"222708d\" data-element_type=\"widget\" data-e-type=\"widget\" data-widget_type=\"text-editor.default\">\n\t\t\t\t<div class=\"elementor-widget-container\">\n\t\t\t\t\t\t\t\t\t<ul><li><a href=\"https:\/\/www.bcba.sba.com.ar\/agenda\/el-pueblo-masai-retratos-de-tanzania-y-vivir-el-tiempo\/\" target=\"_blank\" rel=\"noopener nofollow\">El pueblo Masai<\/a>. Exposici\u00f3n personal en la Bolsa de Comercio (BCBA), <strong>Buenos Aires (Argentina)<\/strong>, Diciembre de 2019<\/li><\/ul>\t\t\t\t\t\t\t\t<\/div>\n\t\t\t\t<\/div>\n\t\t\t\t<div class=\"elementor-element elementor-element-aab0add elementor-widget elementor-widget-text-editor\" data-id=\"aab0add\" data-element_type=\"widget\" data-e-type=\"widget\" data-widget_type=\"text-editor.default\">\n\t\t\t\t<div class=\"elementor-widget-container\">\n\t\t\t\t\t\t\t\t\t<ul><li><a href=\"http:\/\/www.fund-romuloraggio.org.ar\/agenda2019.html#\" target=\"_blank\" rel=\"noopener nofollow\">ExpoArte Fotograf\u00eda<\/a>. Exposici\u00f3n colectiva en el Museo de la Fundaci\u00f3n R\u00f3mulo Raggio, <strong>Buenos Aires (Argentina)<\/strong>, Noviembre de 2019<\/li><\/ul>\t\t\t\t\t\t\t\t<\/div>\n\t\t\t\t<\/div>\n\t\t\t\t<div class=\"elementor-element elementor-element-e45430d elementor-widget elementor-widget-text-editor\" data-id=\"e45430d\" data-element_type=\"widget\" data-e-type=\"widget\" data-widget_type=\"text-editor.default\">\n\t\t\t\t<div class=\"elementor-widget-container\">\n\t\t\t\t\t\t\t\t\t<ul><li><a href=\"https:\/\/www.artribune.com\/attualita\/2012\/06\/fotografia-e-partecipazione\/\" target=\"_blank\" rel=\"noopener nofollow\">Vita Comune<\/a>. Exposici\u00f3n colectiva en el marco del Festival Fotografia Europea, <strong>Reggio Emilia (Italia)<\/strong>, Junio de 2012<\/li><\/ul>\t\t\t\t\t\t\t\t<\/div>\n\t\t\t\t<\/div>\n\t\t\t\t<\/div>\n\t\t\t\t\t<\/div>\n\t\t\t\t<\/div>\n\t\t\t\t<\/div>\n\t\t","protected":false},"excerpt":{"rendered":"<p>EXPOSICIONES FOTOGR\u00c1FICAS Pasadas y pr\u00f3ximas Atlas of Humanity. Exposici\u00f3n colectiva en la Soho Photo Gallery, Nueva York (EE.UU.), Marzo de 2023 Atlas of Humanity. Exposici\u00f3n colectiva en la Fundaci\u00f3n Luciana Matalon, Milan (Italia), Octubre de 2022 Atlas of Humanity. Exposici\u00f3n colectiva en el marco del ImageNation Expo, Galer\u00eda Joseph Turenne, Paris (Francia), Mayo de 2022 &#8230; <a title=\"Exposiciones\" class=\"read-more\" href=\"https:\/\/nicholastinelli.com\/es\/exposiciones\/\" aria-label=\"Leer m\u00e1s sobre Exposiciones\">Leer m\u00e1s<\/a><\/p>\n","protected":false},"author":2,"featured_media":22347,"parent":0,"menu_order":0,"comment_status":"closed","ping_status":"closed","template":"","meta":{"_lmt_disableupdate":"no","_lmt_disable":"","footnotes":""},"class_list":["post-22360","page","type-page","status-publish","has-post-thumbnail"],"_links":{"self":[{"href":"https:\/\/nicholastinelli.com\/es\/wp-json\/wp\/v2\/pages\/22360","targetHints":{"allow":["GET"]}}],"collection":[{"href":"https:\/\/nicholastinelli.com\/es\/wp-json\/wp\/v2\/pages"}],"about":[{"href":"https:\/\/nicholastinelli.com\/es\/wp-json\/wp\/v2\/types\/page"}],"author":[{"embeddable":true,"href":"https:\/\/nicholastinelli.com\/es\/wp-json\/wp\/v2\/users\/2"}],"replies":[{"embeddable":true,"href":"https:\/\/nicholastinelli.com\/es\/wp-json\/wp\/v2\/comments?post=22360"}],"version-history":[{"count":0,"href":"https:\/\/nicholastinelli.com\/es\/wp-json\/wp\/v2\/pages\/22360\/revisions"}],"wp:featuredmedia":[{"embeddable":true,"href":"https:\/\/nicholastinelli.com\/es\/wp-json\/wp\/v2\/media\/22347"}],"wp:attachment":[{"href":"https:\/\/nicholastinelli.com\/es\/wp-json\/wp\/v2\/media?parent=22360"}],"curies":[{"name":"wp","href":"https:\/\/api.w.org\/{rel}","templated":true}]}}