{"id":6831,"date":"2019-10-14T14:31:39","date_gmt":"2019-10-14T17:31:39","guid":{"rendered":"https:\/\/nicholastinelli.com\/copyright-policy\/"},"modified":"2025-02-17T08:40:29","modified_gmt":"2025-02-17T11:40:29","slug":"copyright-policy","status":"publish","type":"page","link":"https:\/\/nicholastinelli.com\/es\/copyright-policy\/","title":{"rendered":"Pol\u00edtica de Copyright"},"content":{"rendered":"\t\t<div data-elementor-type=\"wp-page\" data-elementor-id=\"6831\" class=\"elementor elementor-6831 elementor-6821\" data-elementor-post-type=\"page\">\n\t\t\t\t\t\t<section class=\"elementor-section elementor-top-section elementor-element elementor-element-1d62a10 elementor-section-boxed elementor-section-height-default elementor-section-height-default\" data-id=\"1d62a10\" data-element_type=\"section\" data-e-type=\"section\">\n\t\t\t\t\t\t<div class=\"elementor-container elementor-column-gap-default\">\n\t\t\t\t\t<div class=\"elementor-column elementor-col-16 elementor-top-column elementor-element elementor-element-81d203d\" data-id=\"81d203d\" data-element_type=\"column\" data-e-type=\"column\">\n\t\t\t<div class=\"elementor-widget-wrap\">\n\t\t\t\t\t\t\t<\/div>\n\t\t<\/div>\n\t\t\t\t<div class=\"elementor-column elementor-col-66 elementor-top-column elementor-element elementor-element-1de86d0\" data-id=\"1de86d0\" data-element_type=\"column\" data-e-type=\"column\">\n\t\t\t<div class=\"elementor-widget-wrap elementor-element-populated\">\n\t\t\t\t\t\t<div class=\"elementor-element elementor-element-14cda08 elementor-widget elementor-widget-heading\" data-id=\"14cda08\" data-element_type=\"widget\" data-e-type=\"widget\" data-widget_type=\"heading.default\">\n\t\t\t\t<div class=\"elementor-widget-container\">\n\t\t\t\t\t<h1 class=\"elementor-heading-title elementor-size-default\">Pol\u00edtica de Copyright<\/h1>\t\t\t\t<\/div>\n\t\t\t\t<\/div>\n\t\t\t\t<div class=\"elementor-element elementor-element-65e87a9 elementor-widget elementor-widget-text-editor\" data-id=\"65e87a9\" data-element_type=\"widget\" data-e-type=\"widget\" data-widget_type=\"text-editor.default\">\n\t\t\t\t<div class=\"elementor-widget-container\">\n\t\t\t\t\t\t\t\t\t<p>Todo el contenido de este sitio web es propiedad de Nicholas Tinelli, protegido por las Leyes de Derechos de Autor. Los textos y las im\u00e1genes no pueden ser utilizados para fines personales, comerciales y editoriales sin el permiso escrito de Nicholas Tinelli. Todos los derechos reservados.<\/p>\t\t\t\t\t\t\t\t<\/div>\n\t\t\t\t<\/div>\n\t\t\t\t<div class=\"elementor-element elementor-element-44b6c66 elementor-widget-divider--view-line elementor-widget elementor-widget-divider\" data-id=\"44b6c66\" data-element_type=\"widget\" data-e-type=\"widget\" data-widget_type=\"divider.default\">\n\t\t\t\t<div class=\"elementor-widget-container\">\n\t\t\t\t\t\t\t<div class=\"elementor-divider\">\n\t\t\t<span class=\"elementor-divider-separator\">\n\t\t\t\t\t\t<\/span>\n\t\t<\/div>\n\t\t\t\t\t\t<\/div>\n\t\t\t\t<\/div>\n\t\t\t\t<div class=\"elementor-element elementor-element-4c34743 elementor-widget elementor-widget-text-editor\" data-id=\"4c34743\" data-element_type=\"widget\" data-e-type=\"widget\" data-widget_type=\"text-editor.default\">\n\t\t\t\t<div class=\"elementor-widget-container\">\n\t\t\t\t\t\t\t\t\t<h2>1. Introducci\u00f3n<\/h2><p>Nicholas Tinelli se compromete a proteger los derechos de propiedad intelectual de nuestros fot\u00f3grafos y a garantizar el uso adecuado de todos los contenidos visuales. Esta Pol\u00edtica de Derechos de Autor describe la propiedad, los usos permitidos y las restricciones relativas a las im\u00e1genes producidas y distribuidas por nuestra empresa.<\/p><h2>\u00a0<\/h2><h2>2. Propiedad intelectual<\/h2><p>Todas las fotograf\u00edas, videos e im\u00e1genes digitales creadas por o en nombre de Nicholas Tinelli son propiedad exclusiva de la empresa y\/o de los respectivos fot\u00f3grafos que nos han licenciado su trabajo. Estas obras est\u00e1n protegidas por la legislaci\u00f3n argentina sobre derechos de autor (Ley n\u00ba 11.723) y los acuerdos internacionales sobre derechos de autor.<\/p><h2>\u00a0<\/h2><h2>3. Usos permitidos<\/h2><p>Los clientes y terceros pueden utilizar nuestras im\u00e1genes bajo las siguientes condiciones:<\/p><ul><li>Con permiso expl\u00edcito por escrito o un acuerdo de licencia emitido por Nicholas Tinelli.<\/li><li>Bajo los t\u00e9rminos especificados en una licencia adquirida (por ejemplo, libre de derechos de autor, derechos gestionados).<\/li><li>Para fines personales, editoriales, comerciales u otros fines espec\u00edficos, seg\u00fan lo acordado en el contrato de licencia.<\/li><\/ul><h2>\u00a0<\/h2><h2>4. Usos prohibidos<\/h2><p>Sin el consentimiento previo por escrito, las siguientes acciones est\u00e1n estrictamente prohibidas:<\/p><ul><li>Copiar, reproducir o distribuir nuestras im\u00e1genes con fines comerciales sin autorizaci\u00f3n.<\/li><li>Modificar, alterar o crear obras derivadas sin la debida autorizaci\u00f3n.<\/li><li>Vender, sublicenciar o transferir los derechos de imagen a terceros.<\/li><li>Utilizar las im\u00e1genes de forma difamatoria, ilegal o enga\u00f1osa.<\/li><li>Eliminar o alterar marcas de agua o metadatos de derechos de autor.<\/li><\/ul><h2>\u00a0<\/h2><h2>5. Licencias y tarifas<\/h2><p>Todas las licencias de im\u00e1genes est\u00e1n sujetas a tarifas basadas en el uso, la distribuci\u00f3n y la duraci\u00f3n previstos. Los clientes deben adherirse a los t\u00e9rminos descritos en el acuerdo de licencia espec\u00edfico que adquieran. El uso no autorizado puede dar lugar a acciones legales y sanciones econ\u00f3micas.<\/p><h2>\u00a0<\/h2><h2>6. Infracci\u00f3n de los derechos de autor<\/h2><p>Nicholas Tinelli vigila activamente el uso no autorizado de sus im\u00e1genes. Si se detecta una infracci\u00f3n de los derechos de autor, nos reservamos el derecho de emprender acciones legales, incluyendo la emisi\u00f3n de avisos de cese y desistimiento, la b\u00fasqueda de una compensaci\u00f3n econ\u00f3mica y la interposici\u00f3n de acciones judiciales en virtud de la legislaci\u00f3n argentina e internacional sobre derechos de autor.<\/p><h2>\u00a0<\/h2><h2>7. Notificaci\u00f3n de violaciones de derechos de autor<\/h2><p>Si cree que alguna de nuestras im\u00e1genes ha sido utilizada sin la debida autorizaci\u00f3n, p\u00f3ngase en contacto con nosotros a trav\u00e9s de:<\/p><p><strong>Correo electr\u00f3nico:<\/strong> info@nicholastinelli.com<\/p><p><strong>Direcci\u00f3n:<\/strong> Buenos Aires, Argentina<\/p><h2>\u00a0<\/h2><h2>8. Modificaciones<\/h2><p>Nicholas Tinelli se reserva el derecho de actualizar o modificar esta Pol\u00edtica de Derechos de Autor en cualquier momento. Los cambios entrar\u00e1n en vigor una vez publicados en nuestro sitio web u otros canales de comunicaci\u00f3n oficiales.<\/p><p>Para m\u00e1s informaci\u00f3n sobre derechos de autor y licencias, p\u00f3ngase en contacto con nosotros en info@nicholastinelli.com.<\/p>\t\t\t\t\t\t\t\t<\/div>\n\t\t\t\t<\/div>\n\t\t\t\t<div class=\"elementor-element elementor-element-f939bce elementor-widget-divider--view-line elementor-widget elementor-widget-divider\" data-id=\"f939bce\" data-element_type=\"widget\" data-e-type=\"widget\" data-widget_type=\"divider.default\">\n\t\t\t\t<div class=\"elementor-widget-container\">\n\t\t\t\t\t\t\t<div class=\"elementor-divider\">\n\t\t\t<span class=\"elementor-divider-separator\">\n\t\t\t\t\t\t<\/span>\n\t\t<\/div>\n\t\t\t\t\t\t<\/div>\n\t\t\t\t<\/div>\n\t\t\t\t<div class=\"elementor-element elementor-element-cb1a488 elementor-widget elementor-widget-spacer\" data-id=\"cb1a488\" data-element_type=\"widget\" data-e-type=\"widget\" data-widget_type=\"spacer.default\">\n\t\t\t\t<div class=\"elementor-widget-container\">\n\t\t\t\t\t\t\t<div class=\"elementor-spacer\">\n\t\t\t<div class=\"elementor-spacer-inner\"><\/div>\n\t\t<\/div>\n\t\t\t\t\t\t<\/div>\n\t\t\t\t<\/div>\n\t\t\t\t<section class=\"elementor-section elementor-inner-section elementor-element elementor-element-8a17ad5 elementor-section-boxed elementor-section-height-default elementor-section-height-default\" data-id=\"8a17ad5\" data-element_type=\"section\" data-e-type=\"section\">\n\t\t\t\t\t\t<div class=\"elementor-container elementor-column-gap-default\">\n\t\t\t\t\t<div class=\"elementor-column elementor-col-100 elementor-inner-column elementor-element elementor-element-3ddc8d4\" data-id=\"3ddc8d4\" data-element_type=\"column\" data-e-type=\"column\">\n\t\t\t<div class=\"elementor-widget-wrap elementor-element-populated\">\n\t\t\t\t\t\t<div class=\"elementor-element elementor-element-ac83433 elementor-widget elementor-widget-heading\" data-id=\"ac83433\" data-element_type=\"widget\" data-e-type=\"widget\" data-widget_type=\"heading.default\">\n\t\t\t\t<div class=\"elementor-widget-container\">\n\t\t\t\t\t<h2 class=\"elementor-heading-title elementor-size-default\">\u00bfCu\u00e1les son los pasos a seguir para solicitar una licencia de uso personal, comercial o editorial?<\/h2>\t\t\t\t<\/div>\n\t\t\t\t<\/div>\n\t\t\t\t\t<\/div>\n\t\t<\/div>\n\t\t\t\t\t<\/div>\n\t\t<\/section>\n\t\t\t\t<div class=\"elementor-element elementor-element-adb86eb elementor-widget elementor-widget-spacer\" data-id=\"adb86eb\" data-element_type=\"widget\" data-e-type=\"widget\" data-widget_type=\"spacer.default\">\n\t\t\t\t<div class=\"elementor-widget-container\">\n\t\t\t\t\t\t\t<div class=\"elementor-spacer\">\n\t\t\t<div class=\"elementor-spacer-inner\"><\/div>\n\t\t<\/div>\n\t\t\t\t\t\t<\/div>\n\t\t\t\t<\/div>\n\t\t\t\t<div class=\"elementor-element elementor-element-d973781 elementor-widget elementor-widget-text-editor\" data-id=\"d973781\" data-element_type=\"widget\" data-e-type=\"widget\" data-widget_type=\"text-editor.default\">\n\t\t\t\t<div class=\"elementor-widget-container\">\n\t\t\t\t\t\t\t\t\t<p>1. Completa el\u00a0<a href=\"https:\/\/nicholastinelli.com\/es\/contacto\/\" target=\"_blank\" rel=\"noopener noreferrer\">formulario de contacto<\/a> con tus datos y selecciona \u00abLicencia de imagen\u00bb<\/p><p>2. En el cuadro de mensaje, indica los siguientes detalles:<\/p>\t\t\t\t\t\t\t\t<\/div>\n\t\t\t\t<\/div>\n\t\t\t\t<div class=\"elementor-element elementor-element-4ed9475 elementor-widget elementor-widget-text-editor\" data-id=\"4ed9475\" data-element_type=\"widget\" data-e-type=\"widget\" data-widget_type=\"text-editor.default\">\n\t\t\t\t<div class=\"elementor-widget-container\">\n\t\t\t\t\t\t\t\t\t<p><em>\u00bfCu\u00e1l es la foto que te interesa?<\/em><\/p><p><em>\u00bfD\u00f3nde la mostrar\u00e1s?<\/em><\/p><p><em>Por cu\u00e1nto tiempo?<\/em><\/p><p><em>Cu\u00e1l ser\u00e1 su uso: personal, editorial, comercial.<\/em><\/p>\t\t\t\t\t\t\t\t<\/div>\n\t\t\t\t<\/div>\n\t\t\t\t\t<\/div>\n\t\t<\/div>\n\t\t\t\t<div class=\"elementor-column elementor-col-16 elementor-top-column elementor-element elementor-element-3480c75\" data-id=\"3480c75\" data-element_type=\"column\" data-e-type=\"column\">\n\t\t\t<div class=\"elementor-widget-wrap\">\n\t\t\t\t\t\t\t<\/div>\n\t\t<\/div>\n\t\t\t\t\t<\/div>\n\t\t<\/section>\n\t\t\t\t<\/div>\n\t\t","protected":false},"excerpt":{"rendered":"<p>Pol\u00edtica de Copyright Todo el contenido de este sitio web es propiedad de Nicholas Tinelli, protegido por las Leyes de Derechos de Autor. Los textos y las im\u00e1genes no pueden ser utilizados para fines personales, comerciales y editoriales sin el permiso escrito de Nicholas Tinelli. Todos los derechos reservados. 1. Introducci\u00f3n Nicholas Tinelli se compromete &#8230; <a title=\"Pol\u00edtica de Copyright\" class=\"read-more\" href=\"https:\/\/nicholastinelli.com\/es\/copyright-policy\/\" aria-label=\"Leer m\u00e1s sobre Pol\u00edtica de Copyright\">Leer m\u00e1s<\/a><\/p>\n","protected":false},"author":2,"featured_media":0,"parent":0,"menu_order":0,"comment_status":"closed","ping_status":"closed","template":"","meta":{"_lmt_disableupdate":"no","_lmt_disable":"","footnotes":""},"class_list":["post-6831","page","type-page","status-publish"],"_links":{"self":[{"href":"https:\/\/nicholastinelli.com\/es\/wp-json\/wp\/v2\/pages\/6831","targetHints":{"allow":["GET"]}}],"collection":[{"href":"https:\/\/nicholastinelli.com\/es\/wp-json\/wp\/v2\/pages"}],"about":[{"href":"https:\/\/nicholastinelli.com\/es\/wp-json\/wp\/v2\/types\/page"}],"author":[{"embeddable":true,"href":"https:\/\/nicholastinelli.com\/es\/wp-json\/wp\/v2\/users\/2"}],"replies":[{"embeddable":true,"href":"https:\/\/nicholastinelli.com\/es\/wp-json\/wp\/v2\/comments?post=6831"}],"version-history":[{"count":0,"href":"https:\/\/nicholastinelli.com\/es\/wp-json\/wp\/v2\/pages\/6831\/revisions"}],"wp:attachment":[{"href":"https:\/\/nicholastinelli.com\/es\/wp-json\/wp\/v2\/media?parent=6831"}],"curies":[{"name":"wp","href":"https:\/\/api.w.org\/{rel}","templated":true}]}}