{"id":15995,"date":"2020-04-24T16:47:06","date_gmt":"2020-04-24T19:47:06","guid":{"rendered":"https:\/\/nicholastinelli.com\/?page_id=15995"},"modified":"2025-09-15T12:09:43","modified_gmt":"2025-09-15T15:09:43","slug":"about-nicholas-tinelli","status":"publish","type":"page","link":"https:\/\/nicholastinelli.com\/it\/about-nicholas-tinelli\/","title":{"rendered":"About"},"content":{"rendered":"\t\t<div data-elementor-type=\"wp-post\" data-elementor-id=\"15995\" class=\"elementor elementor-15995 elementor-15954\" data-elementor-post-type=\"page\">\n\t\t\t\t<div class=\"elementor-element elementor-element-58e15af e-flex e-con-boxed e-con e-parent\" data-id=\"58e15af\" data-element_type=\"container\" data-e-type=\"container\">\n\t\t\t\t\t<div class=\"e-con-inner\">\n\t\t<div class=\"elementor-element elementor-element-a744bc3 e-con-full e-flex e-con e-child\" data-id=\"a744bc3\" data-element_type=\"container\" data-e-type=\"container\">\n\t\t<div class=\"elementor-element elementor-element-5560f55 e-con-full e-flex e-con e-child\" data-id=\"5560f55\" data-element_type=\"container\" data-e-type=\"container\">\n\t\t<div class=\"elementor-element elementor-element-07e1dde e-con-full e-flex e-con e-child\" data-id=\"07e1dde\" data-element_type=\"container\" data-e-type=\"container\">\n\t\t\t\t<div class=\"elementor-element elementor-element-6953847 elementor-widget elementor-widget-image\" data-id=\"6953847\" data-element_type=\"widget\" data-e-type=\"widget\" data-widget_type=\"image.default\">\n\t\t\t\t<div class=\"elementor-widget-container\">\n\t\t\t\t\t\t\t\t\t\t\t\t\t\t\t<img fetchpriority=\"high\" decoding=\"async\" width=\"1024\" height=\"576\" src=\"https:\/\/nicholastinelli.com\/wp-content\/uploads\/2020\/06\/about-nicholas-tinelli.jpg\" class=\"attachment-full size-full wp-image-20289\" alt=\"about nicholas tinelli\" srcset=\"https:\/\/nicholastinelli.com\/wp-content\/uploads\/2020\/06\/about-nicholas-tinelli.jpg 1024w, https:\/\/nicholastinelli.com\/wp-content\/uploads\/2020\/06\/about-nicholas-tinelli-800x450.jpg 800w, https:\/\/nicholastinelli.com\/wp-content\/uploads\/2020\/06\/about-nicholas-tinelli-768x432.jpg 768w\" sizes=\"(max-width: 1024px) 100vw, 1024px\" \/>\t\t\t\t\t\t\t\t\t\t\t\t\t\t\t<\/div>\n\t\t\t\t<\/div>\n\t\t\t\t<\/div>\n\t\t\t\t<\/div>\n\t\t\t\t<div class=\"elementor-element elementor-element-ab3092d elementor-widget elementor-widget-heading\" data-id=\"ab3092d\" data-element_type=\"widget\" data-e-type=\"widget\" data-widget_type=\"heading.default\">\n\t\t\t\t<div class=\"elementor-widget-container\">\n\t\t\t\t\t<h1 class=\"elementor-heading-title elementor-size-default\">Sono Nicholas - <b>Fotografo a Buenos Aires<\/b> specializzato in fotografia di Viaggio, Documentaria, Ritratto, Architettura, Aerea, e Commerciale.<\/h1>\t\t\t\t<\/div>\n\t\t\t\t<\/div>\n\t\t\t\t<div class=\"elementor-element elementor-element-fcd359f elementor-widget elementor-widget-text-editor\" data-id=\"fcd359f\" data-element_type=\"widget\" data-e-type=\"widget\" data-widget_type=\"text-editor.default\">\n\t\t\t\t<div class=\"elementor-widget-container\">\n\t\t\t\t\t\t\t\t\t<p>La fotografia per me \u00e8 pi\u00f9 di una semplice professione: \u00e8 una passione che dura da una vita e che mi ha portato in un incredibile<strong> viaggio alla scoperta di me stesso<\/strong>. \u00c8 un modo di vedere il mondo, uno strumento che affina la mia percezione e mi permette di catturare momenti fugaci che altrimenti potrebbero passare inosservati. Attraverso il mio obiettivo, ho imparato a osservare il mondo in modo pi\u00f9 profondo, abbracciando non solo i grandiosi paesaggi e i punti di riferimento iconici, ma anche i sottili dettagli quotidiani che <strong>raccontano grandi storie<\/strong>.<\/p><p><span style=\"text-decoration: underline;\">La fotografia mi ha insegnato la pazienza<\/span>, la capacit\u00e0 di aspettare la luce perfetta, l&#8217;espressione giusta o la composizione ideale. Mi ha reso pi\u00f9 attento a ci\u00f2 che mi circonda, cercando sempre la bellezza in luoghi inaspettati. Che si tratti del bagliore dorato dell&#8217;alba su una strada ciottolata a Buenos Aires, dei dettagli intricati di una facciata secolare o dell&#8217;emozione cruda di un ritratto, ogni fotografia diventa una testimonianza del mio modo di vedere e interpretare il mondo.<\/p><p>Al di l\u00e0 dei suoi elementi artistici, la fotografia \u00e8 stata il mio ponte con diverse culture, comunit\u00e0 e persone incredibili. Con ogni viaggio, ogni workshop e ogni servizio fotografico, ho avuto il privilegio di incontrare persone di ogni estrazione sociale, <strong>colleghi fotografi, viaggiatori, abitanti del luogo e artisti<\/strong>, tutti accomunati dalla passione per la narrazione attraverso le immagini.<\/p><p>Ogni incontro arricchisce il mio viaggio, rafforzando la mia convinzione che la fotografia non sia solo catturare ci\u00f2 che abbiamo davanti, ma anche creare connessioni e comprendere il mondo in modo pi\u00f9 profondo e significativo.<\/p>\t\t\t\t\t\t\t\t<\/div>\n\t\t\t\t<\/div>\n\t\t\t\t<div class=\"elementor-element elementor-element-59178e1 animated-slow elementor-widget elementor-widget-heading\" data-id=\"59178e1\" data-element_type=\"widget\" data-e-type=\"widget\" data-settings=\"{&quot;_animation&quot;:&quot;none&quot;,&quot;_animation_delay&quot;:500}\" data-widget_type=\"heading.default\">\n\t\t\t\t<div class=\"elementor-widget-container\">\n\t\t\t\t\t<h2 class=\"elementor-heading-title elementor-size-default\">Cosa faccio come fotografo professionista?<\/h2>\t\t\t\t<\/div>\n\t\t\t\t<\/div>\n\t\t\t\t<div class=\"elementor-element elementor-element-fc6c54b elementor-widget elementor-widget-spacer\" data-id=\"fc6c54b\" data-element_type=\"widget\" data-e-type=\"widget\" data-widget_type=\"spacer.default\">\n\t\t\t\t<div class=\"elementor-widget-container\">\n\t\t\t\t\t\t\t<div class=\"elementor-spacer\">\n\t\t\t<div class=\"elementor-spacer-inner\"><\/div>\n\t\t<\/div>\n\t\t\t\t\t\t<\/div>\n\t\t\t\t<\/div>\n\t\t\t\t<div class=\"elementor-element elementor-element-942de57 elementor-widget elementor-widget-heading\" data-id=\"942de57\" data-element_type=\"widget\" data-e-type=\"widget\" data-widget_type=\"heading.default\">\n\t\t\t\t<div class=\"elementor-widget-container\">\n\t\t\t\t\t<h2 class=\"elementor-heading-title elementor-size-default\">A Buenos Aires<\/h2>\t\t\t\t<\/div>\n\t\t\t\t<\/div>\n\t\t\t\t<div class=\"elementor-element elementor-element-f10c83a elementor-widget elementor-widget-text-editor\" data-id=\"f10c83a\" data-element_type=\"widget\" data-e-type=\"widget\" data-widget_type=\"text-editor.default\">\n\t\t\t\t<div class=\"elementor-widget-container\">\n\t\t\t\t\t\t\t\t\t<p>Offro <strong><a href=\"https:\/\/nicholastinelli.com\/it\/servizi\/tour-fotografici-a-buenos-aires\/\">tour fotografici<\/a><\/strong> e <strong><a href=\"https:\/\/nicholastinelli.com\/it\/servizifotografici\">sessioni di ritratto a Buenos Aires<\/a><\/strong>, su misura per viaggiatori e appassionati di fotografia.<\/p><p>I miei <strong>tour fotografici<\/strong> offrono un&#8217;opportunit\u00e0 unica di esplorare la citt\u00e0 attraverso gli occhi di un professionista locale, catturandone l&#8217;essenza con immagini straordinarie. Mentre le mie <strong>sessioni di ritratto<\/strong> offrono la possibilit\u00e0 di ottenere ricordi di alta qualit\u00e0 e duraturi della vostra visita alla capitale argentina. Perfetti per singoli, coppie, famiglie, proposte di fidanzamento, celebrazioni speciali e persino per il personal branding, i miei servizi garantiscono un&#8217;esperienza fotografica personalizzata e coinvolgente.<\/p><p>Nel corso degli anni, ho ricercato ed esplorato meticolosamente i migliori angoli fotografici della citt\u00e0, dalla sua straordinaria architettura e dalle sue strade vibranti, alla sua gente e ai suoi paesaggi urbani. Questa vasta conoscenza mi permette di creare <strong>esperienze esclusive e su misura<\/strong> per i miei clienti.<\/p>\t\t\t\t\t\t\t\t<\/div>\n\t\t\t\t<\/div>\n\t\t\t\t<div class=\"elementor-element elementor-element-827bf39 elementor-widget elementor-widget-heading\" data-id=\"827bf39\" data-element_type=\"widget\" data-e-type=\"widget\" data-widget_type=\"heading.default\">\n\t\t\t\t<div class=\"elementor-widget-container\">\n\t\t\t\t\t<h2 class=\"elementor-heading-title elementor-size-default\">Oltre Buenos Aires: fotografia in Argentina<\/h2>\t\t\t\t<\/div>\n\t\t\t\t<\/div>\n\t\t\t\t<div class=\"elementor-element elementor-element-7609a30 elementor-widget elementor-widget-text-editor\" data-id=\"7609a30\" data-element_type=\"widget\" data-e-type=\"widget\" data-widget_type=\"text-editor.default\">\n\t\t\t\t<div class=\"elementor-widget-container\">\n\t\t\t\t\t\t\t\t\t<p>In qualit\u00e0 di fondatore di <strong><a href=\"https:\/\/www.argentinaphotoworkshops.com\" target=\"_blank\" rel=\"noopener\">Argentina Photo Workshops<\/a><\/strong>, sono a capo di un team di fotografi professionisti locali che si dedicano a offrire autentici workshop di fotografia di viaggio in tutta l&#8217;Argentina. Curiamo itinerari fotografici di gruppo personalizzati e privati che coprono i diversi paesaggi dell&#8217;Argentina, dalle drammatiche montagne della Patagonia al ricco patrimonio culturale del nord.<\/p><p>L&#8217;Argentina \u00e8 un paradiso per i fotografi e offre infinite opportunit\u00e0 di fotografia <strong>paesaggistica, culturale, di ritratto etnico, naturalistica e documentaristica<\/strong>. Che siate fotografi amatoriali o esperti, i nostri workshop sono pensati per migliorare le vostre capacit\u00e0 immergendovi in luoghi mozzafiato.<\/p><p>Sono anche co-direttore di <strong><a href=\"https:\/\/buenosairesimage.solutions\/\" target=\"_blank\" rel=\"noopener\">Buenos Aires Image Solutions<\/a>,<\/strong> un&#8217;agenzia fotografica composta da fotografi professionisti, videografi, editori e operatori di droni certificati. Forniamo contenuti visivi di alta qualit\u00e0 per un&#8217;ampia gamma di settori e progetti di qualsiasi dimensione.<\/p>\t\t\t\t\t\t\t\t<\/div>\n\t\t\t\t<\/div>\n\t\t\t\t<div class=\"elementor-element elementor-element-4de236c elementor-widget elementor-widget-heading\" data-id=\"4de236c\" data-element_type=\"widget\" data-e-type=\"widget\" data-widget_type=\"heading.default\">\n\t\t\t\t<div class=\"elementor-widget-container\">\n\t\t\t\t\t<h2 class=\"elementor-heading-title elementor-size-default\">Fotografia su scala globale<\/h2>\t\t\t\t<\/div>\n\t\t\t\t<\/div>\n\t\t\t\t<div class=\"elementor-element elementor-element-24398eb elementor-widget elementor-widget-text-editor\" data-id=\"24398eb\" data-element_type=\"widget\" data-e-type=\"widget\" data-widget_type=\"text-editor.default\">\n\t\t\t\t<div class=\"elementor-widget-container\">\n\t\t\t\t\t\t\t\t\t<p>Al di fuori dell&#8217;Argentina, collaboro con marchi, organizzazioni turistiche, aziende e istituzioni, aiutandoli a elevare la loro identit\u00e0 visiva e a coinvolgere il pubblico attraverso il mio servizio di <strong><a href=\"https:\/\/nicholastinelli.com\/it\/fotografia-commerciale\">fotografia editoriale e commerciale<\/a>, <\/strong>che include la<a href=\"https:\/\/nicholastinelli.com\/it\/fotografia-aerea-argentina\/\"><strong> fotografia aerea<\/strong><\/a>.<\/p><p>Inoltre, offro <strong>contenuti fotografici di viaggio esclusivi<\/strong> attraverso <strong><a href=\"https:\/\/www.awl-images.com\/contributor\/1684\/nicholas-tinelli.html\" target=\"_blank\" rel=\"noopener\">AWL Images<\/a><\/strong>, un&#8217;agenzia leader a livello mondiale specializzata in immagini di viaggio di alta qualit\u00e0 per riviste, guide turistiche e calendari.<\/p><p>Il mio lavoro \u00e8 presente anche nel progetto <strong><a href=\"https:\/\/www.atlasofhumanity.com\/\" target=\"_blank\" rel=\"nofollow noopener\">Atlas of Humanity<\/a><\/strong>, un&#8217;iniziativa dedicata alla creazione di una ricca collezione fotografica culturale e antropologica che celebra la bellezza e la diversit\u00e0 dei gruppi etnici di tutto il mondo.<\/p><p>Offro un insegnamento su misura attraverso <strong><a href=\"https:\/\/nicholastinelli.com\/it\/corsi-di-fotografia\/\">Cattura il Mondo<\/a><\/strong>, uno speciale programma di apprendimento online 1-to-1 dedicato alla fotografia di viaggio. Dopo una revisione del portfolio e un colloquio iniziale, preparo una serie di lezioni su misura per le tue esigenze. Non importa la distanza, 100% online, comodamente da casa, nei giorni e negli orari che meglio si adattano alle tue necessit\u00e0.<\/p>\t\t\t\t\t\t\t\t<\/div>\n\t\t\t\t<\/div>\n\t\t\t\t<div class=\"elementor-element elementor-element-56aa501 elementor-widget elementor-widget-heading\" data-id=\"56aa501\" data-element_type=\"widget\" data-e-type=\"widget\" data-widget_type=\"heading.default\">\n\t\t\t\t<div class=\"elementor-widget-container\">\n\t\t\t\t\t<h2 class=\"elementor-heading-title elementor-size-default\">Il vero valore della fotografia nell'era dell'intelligenza artificiale<\/h2>\t\t\t\t<\/div>\n\t\t\t\t<\/div>\n\t\t\t\t<div class=\"elementor-element elementor-element-a648181 elementor-widget elementor-widget-text-editor\" data-id=\"a648181\" data-element_type=\"widget\" data-e-type=\"widget\" data-widget_type=\"text-editor.default\">\n\t\t\t\t<div class=\"elementor-widget-container\">\n\t\t\t\t\t\t\t\t\t<p data-start=\"94\" data-end=\"427\">Il vero plus della fotografia nell\u2019era dell\u2019intelligenza artificiale risiede nel <a href=\"https:\/\/nicholastinelli.com\/it\/fotografo-intelligenza-artificiale\/\"><strong>Valore<\/strong> <strong data-start=\"178\" data-end=\"196\">Umano<\/strong><\/a> \u2014 qualcosa che <span style=\"text-decoration: underline;\">nessuna tecnologia pu\u00f2 replicare<\/span>. L\u2019IA pu\u00f2 generare un\u2019immagine tecnicamente perfetta, con una composizione impeccabile e un\u2019illuminazione ideale, ma non \u00e8 in grado di catturare l\u2019<strong>emozione autentica di un momento<\/strong>.<\/p><p data-start=\"429\" data-end=\"789\">Il <strong>lavoro del fotografo<\/strong> si concentra proprio su questa essenza e non consiste semplicemente nel documentare un evento, ma nel raccontare una storia unica e nel dare profondit\u00e0 e significato. Il valore non risiede soltanto nell\u2019immagine finale, ma soprattutto nel processo, nella <span style=\"text-decoration: underline;\">connessione e nell\u2019autenticit\u00e0<\/span> che emergono durante una sessione o un progetto.<\/p>\t\t\t\t\t\t\t\t<\/div>\n\t\t\t\t<\/div>\n\t\t\t\t<div class=\"elementor-element elementor-element-66bdf41 elementor-widget elementor-widget-heading\" data-id=\"66bdf41\" data-element_type=\"widget\" data-e-type=\"widget\" data-widget_type=\"heading.default\">\n\t\t\t\t<div class=\"elementor-widget-container\">\n\t\t\t\t\t<h2 class=\"elementor-heading-title elementor-size-default\">L'elemento umano nella fotografia: i punti fondamentali<\/h2>\t\t\t\t<\/div>\n\t\t\t\t<\/div>\n\t\t\t\t<div class=\"elementor-element elementor-element-88a29f4 elementor-widget elementor-widget-text-editor\" data-id=\"88a29f4\" data-element_type=\"widget\" data-e-type=\"widget\" data-widget_type=\"text-editor.default\">\n\t\t\t\t<div class=\"elementor-widget-container\">\n\t\t\t\t\t\t\t\t\t<p data-start=\"38\" data-end=\"119\">Oltre la tecnica, il <strong>valore di un fotografo professionista<\/strong> si manifesta in:<\/p><p data-start=\"121\" data-end=\"379\"><strong data-start=\"121\" data-end=\"147\">Connessione e fiducia:<\/strong> Un fotografo crea un\u2019atmosfera in cui le persone si sentono a proprio agio nell\u2019essere se stesse. Questo <strong>tocco umano<\/strong> \u2014 rassicurare o ispirare un soggetto a mostrare la sua vera essenza \u2014 \u00e8 qualcosa che l\u2019IA non potr\u00e0 mai offrire.<\/p><p data-start=\"381\" data-end=\"667\"><strong data-start=\"381\" data-end=\"406\">Visione e narrazione:<\/strong> Un fotografo possiede uno sguardo unico nel trovare e inquadrare la storia all\u2019interno di un momento. Il suo lavoro va oltre lo scatto; cerca un <strong>significato pi\u00f9 profondo<\/strong>. Questo vale per i ritratti, gli eventi, la fotografia di viaggio e quella documentaria.<\/p><p data-start=\"669\" data-end=\"1072\"><strong data-start=\"669\" data-end=\"695\">Emozione irripetibile:<\/strong> Le fotografie pi\u00f9 potenti catturano una risata spontanea, uno sguardo complice o una lacrima di gioia. Sono istanti fugaci che non si possono replicare. Il fotografo \u00e8 l\u00ec, presente e attento, pronto a immortalare la vita reale cos\u00ec come accade. Queste emozioni, come anche i ritratti di famiglia, richiedono <strong>autenticit\u00e0 e genuinit\u00e0<\/strong>: qualit\u00e0 che l\u2019IA non potr\u00e0 mai replicare.<\/p><p data-start=\"1074\" data-end=\"1294\">In un mondo <strong>saturo di immagini generate dagli algoritmi<\/strong>, la fotografia che nasce dall\u2019interazione umana, dall\u2019empatia e dalla passione per raccontare una storia diventa non solo pi\u00f9 preziosa, ma davvero <strong>insostituibile<\/strong>.<\/p>\t\t\t\t\t\t\t\t<\/div>\n\t\t\t\t<\/div>\n\t\t\t\t<div class=\"elementor-element elementor-element-9cb3369 animated-slow elementor-widget elementor-widget-heading\" data-id=\"9cb3369\" data-element_type=\"widget\" data-e-type=\"widget\" data-settings=\"{&quot;_animation&quot;:&quot;none&quot;,&quot;_animation_delay&quot;:500}\" data-widget_type=\"heading.default\">\n\t\t\t\t<div class=\"elementor-widget-container\">\n\t\t\t\t\t<h2 class=\"elementor-heading-title elementor-size-default\">Mostre<\/h2>\t\t\t\t<\/div>\n\t\t\t\t<\/div>\n\t\t\t\t<div class=\"elementor-element elementor-element-fdc930c elementor-widget elementor-widget-text-editor\" data-id=\"fdc930c\" data-element_type=\"widget\" data-e-type=\"widget\" data-widget_type=\"text-editor.default\">\n\t\t\t\t<div class=\"elementor-widget-container\">\n\t\t\t\t\t\t\t\t\t<p>C&#8217;\u00e8 qualcosa di veramente speciale nel vedere le fotografie stampate, soprattutto in grandi formati. Il mio lavoro \u00e8 stato presentato in diverse mostre, dove ho condiviso la mia passione per la fotografia con un pubblico pi\u00f9 ampio.<\/p><p>Dai un&#8217;occhiata alla mia <strong><a href=\"https:\/\/nicholastinelli.com\/it\/fotografia-fine-art\/\" target=\"_blank\" rel=\"noopener\">Serie Fine Art in Edizione Limitata<\/a><\/strong> in bianco e nero.<\/p><p>Per conoscere le date delle prossime mostre, <strong>clicca sull&#8217;immagine sottostante<\/strong>.<\/p>\t\t\t\t\t\t\t\t<\/div>\n\t\t\t\t<\/div>\n\t\t\t\t<div class=\"elementor-element elementor-element-9c7091f elementor-widget elementor-widget-image\" data-id=\"9c7091f\" data-element_type=\"widget\" data-e-type=\"widget\" data-widget_type=\"image.default\">\n\t\t\t\t<div class=\"elementor-widget-container\">\n\t\t\t\t\t\t\t\t\t\t\t\t\t\t\t\t<a href=\"https:\/\/nicholastinelli.com\/it\/mostre\" target=\"_blank\">\n\t\t\t\t\t\t\t<img decoding=\"async\" width=\"1185\" height=\"533\" src=\"https:\/\/nicholastinelli.com\/wp-content\/uploads\/2021\/07\/exhibits.jpg\" class=\"attachment-full size-full wp-image-28698\" alt=\"exhibits\" srcset=\"https:\/\/nicholastinelli.com\/wp-content\/uploads\/2021\/07\/exhibits.jpg 1185w, https:\/\/nicholastinelli.com\/wp-content\/uploads\/2021\/07\/exhibits-800x360.jpg 800w, https:\/\/nicholastinelli.com\/wp-content\/uploads\/2021\/07\/exhibits-768x345.jpg 768w\" sizes=\"(max-width: 1185px) 100vw, 1185px\" \/>\t\t\t\t\t\t\t\t<\/a>\n\t\t\t\t\t\t\t\t\t\t\t\t\t\t\t<\/div>\n\t\t\t\t<\/div>\n\t\t\t\t<div class=\"elementor-element elementor-element-2367533 elementor-widget elementor-widget-text-editor\" data-id=\"2367533\" data-element_type=\"widget\" data-e-type=\"widget\" data-widget_type=\"text-editor.default\">\n\t\t\t\t<div class=\"elementor-widget-container\">\n\t\t\t\t\t\t\t\t\t<p>Se sei alla ricerca di un&#8217;<strong>esperienza fotografica memorabile a Buenos Aires<\/strong>, di un <strong>workshop di fotografia di viaggio in Argentina<\/strong> o di <strong>contenuti visivi professionali<\/strong> per il tuo marchio, sono qui per aiutarti a catturare il mondo attraverso una prospettiva unica e artistica.<\/p><p>Creiamo insieme qualcosa di indimenticabile!<\/p>\t\t\t\t\t\t\t\t<\/div>\n\t\t\t\t<\/div>\n\t\t\t\t<\/div>\n\t\t\t\t\t<\/div>\n\t\t\t\t<\/div>\n\t\t\t\t<\/div>\n\t\t","protected":false},"excerpt":{"rendered":"<p>Sono Nicholas &#8211; Fotografo a Buenos Aires specializzato in fotografia di Viaggio, Documentaria, Ritratto, Architettura, Aerea, e Commerciale. La fotografia per me \u00e8 pi\u00f9 di una semplice professione: \u00e8 una passione che dura da una vita e che mi ha portato in un incredibile viaggio alla scoperta di me stesso. \u00c8 un modo di vedere &#8230; <a title=\"About\" class=\"read-more\" href=\"https:\/\/nicholastinelli.com\/it\/about-nicholas-tinelli\/\" aria-label=\"Per saperne di pi\u00f9 su About\">Leggi tutto<\/a><\/p>\n","protected":false},"author":2,"featured_media":9442,"parent":0,"menu_order":0,"comment_status":"closed","ping_status":"closed","template":"","meta":{"_lmt_disableupdate":"no","_lmt_disable":"","footnotes":""},"class_list":["post-15995","page","type-page","status-publish","has-post-thumbnail"],"_links":{"self":[{"href":"https:\/\/nicholastinelli.com\/it\/wp-json\/wp\/v2\/pages\/15995","targetHints":{"allow":["GET"]}}],"collection":[{"href":"https:\/\/nicholastinelli.com\/it\/wp-json\/wp\/v2\/pages"}],"about":[{"href":"https:\/\/nicholastinelli.com\/it\/wp-json\/wp\/v2\/types\/page"}],"author":[{"embeddable":true,"href":"https:\/\/nicholastinelli.com\/it\/wp-json\/wp\/v2\/users\/2"}],"replies":[{"embeddable":true,"href":"https:\/\/nicholastinelli.com\/it\/wp-json\/wp\/v2\/comments?post=15995"}],"version-history":[{"count":0,"href":"https:\/\/nicholastinelli.com\/it\/wp-json\/wp\/v2\/pages\/15995\/revisions"}],"wp:featuredmedia":[{"embeddable":true,"href":"https:\/\/nicholastinelli.com\/it\/wp-json\/wp\/v2\/media\/9442"}],"wp:attachment":[{"href":"https:\/\/nicholastinelli.com\/it\/wp-json\/wp\/v2\/media?parent=15995"}],"curies":[{"name":"wp","href":"https:\/\/api.w.org\/{rel}","templated":true}]}}