{"id":6843,"date":"2019-10-15T14:26:10","date_gmt":"2019-10-15T17:26:10","guid":{"rendered":"https:\/\/nicholastinelli.com\/informativa-sulla-privacy\/"},"modified":"2025-03-08T02:52:14","modified_gmt":"2025-03-08T05:52:14","slug":"informativa-sulla-privacy","status":"publish","type":"page","link":"https:\/\/nicholastinelli.com\/it\/informativa-sulla-privacy\/","title":{"rendered":"Informativa sulla privacy"},"content":{"rendered":"\t\t<div data-elementor-type=\"wp-page\" data-elementor-id=\"6843\" class=\"elementor elementor-6843 elementor-6816\" data-elementor-post-type=\"page\">\n\t\t\t\t\t\t<section class=\"elementor-section elementor-top-section elementor-element elementor-element-ce3c690 elementor-section-boxed elementor-section-height-default elementor-section-height-default\" data-id=\"ce3c690\" data-element_type=\"section\" data-e-type=\"section\">\n\t\t\t\t\t\t<div class=\"elementor-container elementor-column-gap-default\">\n\t\t\t\t\t<div class=\"elementor-column elementor-col-16 elementor-top-column elementor-element elementor-element-347686f0\" data-id=\"347686f0\" data-element_type=\"column\" data-e-type=\"column\">\n\t\t\t<div class=\"elementor-widget-wrap\">\n\t\t\t\t\t\t\t<\/div>\n\t\t<\/div>\n\t\t\t\t<div class=\"elementor-column elementor-col-66 elementor-top-column elementor-element elementor-element-3526bb55\" data-id=\"3526bb55\" data-element_type=\"column\" data-e-type=\"column\">\n\t\t\t<div class=\"elementor-widget-wrap elementor-element-populated\">\n\t\t\t\t\t\t<div class=\"elementor-element elementor-element-2443844d elementor-widget elementor-widget-heading\" data-id=\"2443844d\" data-element_type=\"widget\" data-e-type=\"widget\" data-widget_type=\"heading.default\">\n\t\t\t\t<div class=\"elementor-widget-container\">\n\t\t\t\t\t<h1 class=\"elementor-heading-title elementor-size-default\">Informativa sulla privacy<\/h1>\t\t\t\t<\/div>\n\t\t\t\t<\/div>\n\t\t\t\t<div class=\"elementor-element elementor-element-4979d9a7 elementor-widget elementor-widget-text-editor\" data-id=\"4979d9a7\" data-element_type=\"widget\" data-e-type=\"widget\" data-widget_type=\"text-editor.default\">\n\t\t\t\t<div class=\"elementor-widget-container\">\n\t\t\t\t\t\t\t\t\t<p>Qui, su https:\/\/nicholastinelli.com, una delle nostre principali priorit\u00e0 \u00e8 la privacy dei nostri visitatori. Il presente documento sulla privacy contiene i tipi di informazioni raccolte e registrate da Nicholas Tinelli e il modo in cui lo utilizziamo.<\/p><p>Se hai ulteriori domande o hai bisogno di maggiori informazioni sulla nostra Informativa sulla privacy, non esitare a contattarci tramite e-mail a: nicholastinellitravelphoto@gmail.com<\/p>\t\t\t\t\t\t\t\t<\/div>\n\t\t\t\t<\/div>\n\t\t\t\t<div class=\"elementor-element elementor-element-4cbed2c4 elementor-widget-divider--view-line elementor-widget elementor-widget-divider\" data-id=\"4cbed2c4\" data-element_type=\"widget\" data-e-type=\"widget\" data-widget_type=\"divider.default\">\n\t\t\t\t<div class=\"elementor-widget-container\">\n\t\t\t\t\t\t\t<div class=\"elementor-divider\">\n\t\t\t<span class=\"elementor-divider-separator\">\n\t\t\t\t\t\t<\/span>\n\t\t<\/div>\n\t\t\t\t\t\t<\/div>\n\t\t\t\t<\/div>\n\t\t\t\t<div class=\"elementor-element elementor-element-432a7f75 elementor-widget elementor-widget-heading\" data-id=\"432a7f75\" data-element_type=\"widget\" data-e-type=\"widget\" data-widget_type=\"heading.default\">\n\t\t\t\t<div class=\"elementor-widget-container\">\n\t\t\t\t\t<h2 class=\"elementor-heading-title elementor-size-default\">File di registro<\/h2>\t\t\t\t<\/div>\n\t\t\t\t<\/div>\n\t\t\t\t<div class=\"elementor-element elementor-element-45454451 elementor-widget elementor-widget-text-editor\" data-id=\"45454451\" data-element_type=\"widget\" data-e-type=\"widget\" data-widget_type=\"text-editor.default\">\n\t\t\t\t<div class=\"elementor-widget-container\">\n\t\t\t\t\t\t\t\t\t<p>Nicholas Tinelli segue una procedura standard di utilizzo dei file di registro. Questi file registrano i visitatori quando visitano i siti web. Tutte le societ\u00e0 di hosting lo fanno e fanno parte dell\u2019analisi dei servizi di hosting. Le informazioni raccolte dai file di registro includono gli indirizzi IP (Internet Protocol), il tipo di browser, il provider di servizi Internet (ISP), l\u2019indicatore di data e ora, le pagine di riferimento\/uscita ed eventualmente il numero di clic. Questi non sono collegati ad alcuna informazione che sia personalmente identificabile. Lo scopo delle informazioni \u00e8 quello di analizzare le tendenze, amministrare il sito, monitorare il movimento degli utenti sul sito web e raccogliere informazioni demografiche.<\/p>\t\t\t\t\t\t\t\t<\/div>\n\t\t\t\t<\/div>\n\t\t\t\t<div class=\"elementor-element elementor-element-0aa5f8c elementor-widget elementor-widget-heading\" data-id=\"0aa5f8c\" data-element_type=\"widget\" data-e-type=\"widget\" data-widget_type=\"heading.default\">\n\t\t\t\t<div class=\"elementor-widget-container\">\n\t\t\t\t\t<h2 class=\"elementor-heading-title elementor-size-default\">Cookie and Web Beacons<\/h2>\t\t\t\t<\/div>\n\t\t\t\t<\/div>\n\t\t\t\t<div class=\"elementor-element elementor-element-57831a5 elementor-widget elementor-widget-text-editor\" data-id=\"57831a5\" data-element_type=\"widget\" data-e-type=\"widget\" data-widget_type=\"text-editor.default\">\n\t\t\t\t<div class=\"elementor-widget-container\">\n\t\t\t\t\t\t\t\t\t<p>Come qualsiasi altro sito web, Nicholas Tinelli utilizza i \u201ccookie\u201d. Questi cookie vengono utilizzati per memorizzare informazioni, incluse le preferenze dei visitatori e le pagine del sito Web a cui il visitatore ha avuto accesso o visitato. Le informazioni vengono utilizzate per ottimizzare l\u2019esperienza degli utenti personalizzando il contenuto della nostra pagina web in base al tipo di browser dei visitatori e\/o ad altre informazioni.<\/p>\t\t\t\t\t\t\t\t<\/div>\n\t\t\t\t<\/div>\n\t\t\t\t<div class=\"elementor-element elementor-element-fe8d7b9 elementor-widget elementor-widget-heading\" data-id=\"fe8d7b9\" data-element_type=\"widget\" data-e-type=\"widget\" data-widget_type=\"heading.default\">\n\t\t\t\t<div class=\"elementor-widget-container\">\n\t\t\t\t\t<h2 class=\"elementor-heading-title elementor-size-default\">Informativa sulla privacy<\/h2>\t\t\t\t<\/div>\n\t\t\t\t<\/div>\n\t\t\t\t<div class=\"elementor-element elementor-element-cc898eb elementor-widget elementor-widget-text-editor\" data-id=\"cc898eb\" data-element_type=\"widget\" data-e-type=\"widget\" data-widget_type=\"text-editor.default\">\n\t\t\t\t<div class=\"elementor-widget-container\">\n\t\t\t\t\t\t\t\t\t<p>I server pubblicitari di terze parti o le reti pubblicitarie utilizzano tecnologie come cookie, JavaScript o Web Beacon che vengono utilizzati nei rispettivi annunci pubblicitari e link che appaiono su Nicholas Tinelli, che vengono inviati direttamente al browser degli utenti. Ricevono automaticamente il tuo indirizzo IP quando questo si verifica. Queste tecnologie vengono utilizzate per misurare l\u2019efficacia delle loro campagne pubblicitarie e\/o per personalizzare i contenuti pubblicitari che vedi sui siti web che visiti.<\/p><p>Tieni presente che Nicholas Tinelli non ha accesso o controllo su questi cookie che vengono utilizzati da inserzionisti di terze parti.<\/p>\t\t\t\t\t\t\t\t<\/div>\n\t\t\t\t<\/div>\n\t\t\t\t<div class=\"elementor-element elementor-element-26fae96 elementor-widget elementor-widget-heading\" data-id=\"26fae96\" data-element_type=\"widget\" data-e-type=\"widget\" data-widget_type=\"heading.default\">\n\t\t\t\t<div class=\"elementor-widget-container\">\n\t\t\t\t\t<h2 class=\"elementor-heading-title elementor-size-default\">Norme sulla privacy per terze parti<\/h2>\t\t\t\t<\/div>\n\t\t\t\t<\/div>\n\t\t\t\t<div class=\"elementor-element elementor-element-75d1e54 elementor-widget elementor-widget-text-editor\" data-id=\"75d1e54\" data-element_type=\"widget\" data-e-type=\"widget\" data-widget_type=\"text-editor.default\">\n\t\t\t\t<div class=\"elementor-widget-container\">\n\t\t\t\t\t\t\t\t\t<p>L\u2019Informativa sulla privacy di Nicholas Tinelli non si applica ad altri inserzionisti o siti web. Pertanto, vi consigliamo di consultare le rispettive Norme sulla Privacy di questi server di annunci di terze parti per informazioni pi\u00f9 dettagliate. Includendo le loro pratiche e le istruzioni su come rinunciare ad alcune opzioni.<\/p><p>\u00c8 possibile scegliere di disabilitare i cookie tramite le singole opzioni del browser. Per conoscere informazioni pi\u00f9 dettagliate sulla gestione dei cookie con browser web specifici, pu\u00f2 essere trovato nei rispettivi siti web dei browser.<\/p>\t\t\t\t\t\t\t\t<\/div>\n\t\t\t\t<\/div>\n\t\t\t\t<div class=\"elementor-element elementor-element-064cc71 elementor-widget elementor-widget-heading\" data-id=\"064cc71\" data-element_type=\"widget\" data-e-type=\"widget\" data-widget_type=\"heading.default\">\n\t\t\t\t<div class=\"elementor-widget-container\">\n\t\t\t\t\t<h2 class=\"elementor-heading-title elementor-size-default\">Informativa sulla privacy online<\/h2>\t\t\t\t<\/div>\n\t\t\t\t<\/div>\n\t\t\t\t<div class=\"elementor-element elementor-element-074ae88 elementor-widget elementor-widget-text-editor\" data-id=\"074ae88\" data-element_type=\"widget\" data-e-type=\"widget\" data-widget_type=\"text-editor.default\">\n\t\t\t\t<div class=\"elementor-widget-container\">\n\t\t\t\t\t\t\t\t\t<p>La presente Informativa sulla privacy si applica solo alle nostre attivit\u00e0 online ed \u00e8 valida per i visitatori del nostro sito web per quanto riguarda le informazioni che hanno condiviso e\/o raccogliere in Nicholas Tinelli. Questa politica non \u00e8 applicabile ad alcuna informazione raccolta offline o tramite canali diversi da questo sito web.<\/p>\t\t\t\t\t\t\t\t<\/div>\n\t\t\t\t<\/div>\n\t\t\t\t<div class=\"elementor-element elementor-element-202d594 elementor-widget elementor-widget-heading\" data-id=\"202d594\" data-element_type=\"widget\" data-e-type=\"widget\" data-widget_type=\"heading.default\">\n\t\t\t\t<div class=\"elementor-widget-container\">\n\t\t\t\t\t<h2 class=\"elementor-heading-title elementor-size-default\">Consenso<\/h2>\t\t\t\t<\/div>\n\t\t\t\t<\/div>\n\t\t\t\t<div class=\"elementor-element elementor-element-d6b545d elementor-widget elementor-widget-text-editor\" data-id=\"d6b545d\" data-element_type=\"widget\" data-e-type=\"widget\" data-widget_type=\"text-editor.default\">\n\t\t\t\t<div class=\"elementor-widget-container\">\n\t\t\t\t\t\t\t\t\t<p>Utilizzando il nostro sito web, l\u2019utente acconsente alla nostra Informativa sulla privacy e accetta i Suoi Termini e Condizioni.<\/p>\t\t\t\t\t\t\t\t<\/div>\n\t\t\t\t<\/div>\n\t\t\t\t<div class=\"elementor-element elementor-element-2d58c5a7 elementor-widget elementor-widget-spacer\" data-id=\"2d58c5a7\" data-element_type=\"widget\" data-e-type=\"widget\" data-widget_type=\"spacer.default\">\n\t\t\t\t<div class=\"elementor-widget-container\">\n\t\t\t\t\t\t\t<div class=\"elementor-spacer\">\n\t\t\t<div class=\"elementor-spacer-inner\"><\/div>\n\t\t<\/div>\n\t\t\t\t\t\t<\/div>\n\t\t\t\t<\/div>\n\t\t\t\t\t<\/div>\n\t\t<\/div>\n\t\t\t\t<div class=\"elementor-column elementor-col-16 elementor-top-column elementor-element elementor-element-15789910\" data-id=\"15789910\" data-element_type=\"column\" data-e-type=\"column\">\n\t\t\t<div class=\"elementor-widget-wrap\">\n\t\t\t\t\t\t\t<\/div>\n\t\t<\/div>\n\t\t\t\t\t<\/div>\n\t\t<\/section>\n\t\t\t\t<\/div>\n\t\t","protected":false},"excerpt":{"rendered":"<p>Informativa sulla privacy Qui, su https:\/\/nicholastinelli.com, una delle nostre principali priorit\u00e0 \u00e8 la privacy dei nostri visitatori. Il presente documento sulla privacy contiene i tipi di informazioni raccolte e registrate da Nicholas Tinelli e il modo in cui lo utilizziamo. Se hai ulteriori domande o hai bisogno di maggiori informazioni sulla nostra Informativa sulla privacy, &#8230; <a title=\"Informativa sulla privacy\" class=\"read-more\" href=\"https:\/\/nicholastinelli.com\/it\/informativa-sulla-privacy\/\" aria-label=\"Per saperne di pi\u00f9 su Informativa sulla privacy\">Leggi tutto<\/a><\/p>\n","protected":false},"author":2,"featured_media":0,"parent":0,"menu_order":0,"comment_status":"closed","ping_status":"closed","template":"","meta":{"_lmt_disableupdate":"no","_lmt_disable":"","footnotes":""},"class_list":["post-6843","page","type-page","status-publish"],"_links":{"self":[{"href":"https:\/\/nicholastinelli.com\/it\/wp-json\/wp\/v2\/pages\/6843","targetHints":{"allow":["GET"]}}],"collection":[{"href":"https:\/\/nicholastinelli.com\/it\/wp-json\/wp\/v2\/pages"}],"about":[{"href":"https:\/\/nicholastinelli.com\/it\/wp-json\/wp\/v2\/types\/page"}],"author":[{"embeddable":true,"href":"https:\/\/nicholastinelli.com\/it\/wp-json\/wp\/v2\/users\/2"}],"replies":[{"embeddable":true,"href":"https:\/\/nicholastinelli.com\/it\/wp-json\/wp\/v2\/comments?post=6843"}],"version-history":[{"count":0,"href":"https:\/\/nicholastinelli.com\/it\/wp-json\/wp\/v2\/pages\/6843\/revisions"}],"wp:attachment":[{"href":"https:\/\/nicholastinelli.com\/it\/wp-json\/wp\/v2\/media?parent=6843"}],"curies":[{"name":"wp","href":"https:\/\/api.w.org\/{rel}","templated":true}]}}